{"id":8881,"date":"2024-07-04T10:22:16","date_gmt":"2024-07-04T09:22:16","guid":{"rendered":"https:\/\/juvigo.pt\/revista\/?page_id=8881"},"modified":"2024-11-29T09:19:06","modified_gmt":"2024-11-29T09:19:06","slug":"testemunhos","status":"publish","type":"page","link":"https:\/\/juvigo.pt\/revista\/testemunhos\/","title":{"rendered":"Experi\u00eancias e revis\u00f5es de clientes sobre a Juvigo"},"content":{"rendered":"\n<p>Criar grandes experi\u00eancias de f\u00e9rias para crian\u00e7as e jovens &#8211; \u00e9 isso que nos move na Juvigo todos os dias! Somos inspirados diariamente, pelos contactos que temos com pessoas do mundo das viagens de jovens.<\/p>\n\n\n\n<p>O que n\u00f3s dizemos sobre n\u00f3s \u00e9 uma coisa. O que os nossos Parceiros, monitores, crian\u00e7as e pais dizem sobre n\u00f3s &#8211; \u00e9 outra. N\u00f3s pergunt\u00e1mos! Nesta p\u00e1gina poder\u00e1s encontrar coment\u00e1rios aut\u00eanticos das pessoas acerca da sua experi\u00eancia com a Juvigo.<\/p>\n\n\n\n<div class=\"wp-block-columns is-layout-flex wp-container-core-columns-is-layout-1 wp-block-columns-is-layout-flex\">\n<div class=\"wp-block-column ubju is-layout-flow wp-block-column-is-layout-flow\">\n<figure class=\"wp-block-image size-full ubju\"><a href=\"https:\/\/juvigo.pt\/revista\/avaliacao-parceiros\/\"><img decoding=\"async\" width=\"1024\" height=\"683\" data-src=\"https:\/\/juvigo.pt\/revista\/wp-content\/uploads\/2024\/07\/juvigo-erfahrungen-partner-1.jpg\" alt=\"\" class=\"wp-image-8882 lazyload\" style=\"--smush-placeholder-width: 1024px; --smush-placeholder-aspect-ratio: 1024\/683;aspect-ratio:16\/9;object-fit:cover\" data-srcset=\"https:\/\/juvigo.pt\/revista\/wp-content\/uploads\/2024\/07\/juvigo-erfahrungen-partner-1.jpg 1024w, https:\/\/juvigo.pt\/revista\/wp-content\/uploads\/2024\/07\/juvigo-erfahrungen-partner-1-300x200.jpg 300w, https:\/\/juvigo.pt\/revista\/wp-content\/uploads\/2024\/07\/juvigo-erfahrungen-partner-1-768x512.jpg 768w, https:\/\/juvigo.pt\/revista\/wp-content\/uploads\/2024\/07\/juvigo-erfahrungen-partner-1-600x400.jpg 600w, https:\/\/juvigo.pt\/revista\/wp-content\/uploads\/2024\/07\/juvigo-erfahrungen-partner-1-800x534.jpg 800w, https:\/\/juvigo.pt\/revista\/wp-content\/uploads\/2024\/07\/juvigo-erfahrungen-partner-1-227x152.jpg 227w, https:\/\/juvigo.pt\/revista\/wp-content\/uploads\/2024\/07\/juvigo-erfahrungen-partner-1-143x96.jpg 143w, https:\/\/juvigo.pt\/revista\/wp-content\/uploads\/2024\/07\/juvigo-erfahrungen-partner-1-585x390.jpg 585w, https:\/\/juvigo.pt\/revista\/wp-content\/uploads\/2024\/07\/juvigo-erfahrungen-partner-1-385x257.jpg 385w\" data-sizes=\"(max-width: 1024px) 100vw, 1024px\" src=\"data:image\/gif;base64,R0lGODlhAQABAAAAACH5BAEKAAEALAAAAAABAAEAAAICTAEAOw==\" \/><\/a><\/figure>\n\n\n\n<div class=\"wp-block-buttons is-content-justification-center is-nowrap is-layout-flex wp-container-core-buttons-is-layout-1 wp-block-buttons-is-layout-flex\">\n<div class=\"wp-block-button has-custom-width wp-block-button__width-100 has-custom-font-size is-style-fill has-small-font-size\"><a class=\"wp-block-button__link has-trawell-acc-background-color has-background wp-element-button\" href=\"https:\/\/juvigo.pt\/revista\/avaliacao-parceiros\/\" style=\"border-radius:0px\">Parceiros<\/a><\/div>\n<\/div>\n<\/div>\n\n\n\n<div class=\"wp-block-column ubju is-layout-flow wp-block-column-is-layout-flow\">\n<figure class=\"wp-block-image size-full ubju\"><a href=\"https:\/\/juvigo.pt\/revista\/avaliacao-participantes\/\"><img decoding=\"async\" width=\"511\" height=\"404\" data-src=\"https:\/\/juvigo.pt\/revista\/wp-content\/uploads\/2024\/07\/juvigo-erfahrungen-teilnehmer.jpg\" alt=\"\" class=\"wp-image-8883 lazyload\" style=\"--smush-placeholder-width: 511px; --smush-placeholder-aspect-ratio: 511\/404;aspect-ratio:16\/9;object-fit:cover\" data-srcset=\"https:\/\/juvigo.pt\/revista\/wp-content\/uploads\/2024\/07\/juvigo-erfahrungen-teilnehmer.jpg 511w, https:\/\/juvigo.pt\/revista\/wp-content\/uploads\/2024\/07\/juvigo-erfahrungen-teilnehmer-300x237.jpg 300w\" data-sizes=\"(max-width: 511px) 100vw, 511px\" src=\"data:image\/gif;base64,R0lGODlhAQABAAAAACH5BAEKAAEALAAAAAABAAEAAAICTAEAOw==\" \/><\/a><\/figure>\n\n\n\n<div class=\"wp-block-buttons is-layout-flex wp-container-core-buttons-is-layout-2 wp-block-buttons-is-layout-flex\">\n<div class=\"wp-block-button has-custom-width wp-block-button__width-100 has-custom-font-size has-small-font-size\"><a class=\"wp-block-button__link has-trawell-acc-background-color has-background wp-element-button\" href=\"https:\/\/juvigo.pt\/revista\/avaliacao-participantes\/\" style=\"border-radius:0px\">Participantes<\/a><\/div>\n<\/div>\n<\/div>\n\n\n\n<div class=\"wp-block-column ubju is-layout-flow wp-block-column-is-layout-flow\">\n<figure class=\"wp-block-image size-full ubju\"><a href=\"https:\/\/www.opinioes-verificadas.com\/avis-clients\/juvigo.pt\" target=\"_blank\" rel=\"noreferrer noopener\"><img decoding=\"async\" width=\"800\" height=\"439\" data-src=\"https:\/\/juvigo.pt\/revista\/wp-content\/uploads\/2024\/07\/juvigo-erfahrungen-eltern.jpg\" alt=\"\" class=\"wp-image-8884 lazyload\" style=\"--smush-placeholder-width: 800px; --smush-placeholder-aspect-ratio: 800\/439;aspect-ratio:16\/9;object-fit:cover\" data-srcset=\"https:\/\/juvigo.pt\/revista\/wp-content\/uploads\/2024\/07\/juvigo-erfahrungen-eltern.jpg 800w, https:\/\/juvigo.pt\/revista\/wp-content\/uploads\/2024\/07\/juvigo-erfahrungen-eltern-300x165.jpg 300w, https:\/\/juvigo.pt\/revista\/wp-content\/uploads\/2024\/07\/juvigo-erfahrungen-eltern-768x421.jpg 768w, https:\/\/juvigo.pt\/revista\/wp-content\/uploads\/2024\/07\/juvigo-erfahrungen-eltern-600x329.jpg 600w\" data-sizes=\"(max-width: 800px) 100vw, 800px\" src=\"data:image\/gif;base64,R0lGODlhAQABAAAAACH5BAEKAAEALAAAAAABAAEAAAICTAEAOw==\" \/><\/a><\/figure>\n\n\n\n<div class=\"wp-block-buttons is-layout-flex wp-block-buttons-is-layout-flex\">\n<div class=\"wp-block-button has-custom-width wp-block-button__width-100 has-custom-font-size is-style-fill monitor has-small-font-size\"><a class=\"wp-block-button__link has-trawell-acc-background-color has-background wp-element-button\" href=\"https:\/\/www.opinioes-verificadas.com\/avis-clients\/juvigo.pt\" style=\"border-radius:0px\" target=\"_blank\" rel=\"noreferrer noopener\">Clientes<\/a><\/div>\n<\/div>\n<\/div>\n<\/div>\n\n\n\n<h2 class=\"wp-block-heading\">O que os nossos Parceiros dizem de trabalhar connosco<\/h2>\n\n\n\n<p>L\u00ea o que outros dizem sobre a Juvigo. Aqui os nossos Parceiros &#8211; que na sua grande maioria oferecem campos de f\u00e9rias &#8211; dizem como funciona a nossa colabora\u00e7\u00e3o.<\/p>\n\n\n\n<h2 class=\"wp-block-heading\">Os pais partilham a sua experi\u00eancia com o nosso servi\u00e7o de Apoio ao Cliente<\/h2>\n\n\n\n<p>L\u00ea algumas opini\u00f5es acerca da experi\u00eancia dos pais com o nosso servi\u00e7o de Apoio ao Cliente. O contacto pessoal e direto \u00e9 muito importante para n\u00f3s.<\/p>\n\n\n\n<h2 class=\"wp-block-heading\">Avalia\u00e7\u00f5es dos pais, crian\u00e7as e jovens<\/h2>\n\n\n\n<p>A Catarina fala-nos sobre a comida durante a sua viagem de jovens (que nem sempre lhe soube bem), acerca da grande experi\u00eancia no lago Balaton, na Hungria e tamb\u00e9m das l\u00e1grimas no dia da despedida. Uma m\u00e3e, conta-nos a quantidade de tempo que demorou a convencer e a insistir para que a filha quisesse ir para o campo de f\u00e9rias e depois da experi\u00eancia como a filha n\u00e3o queria voltar de todo para casa. Podes tamb\u00e9m encontrar testemunhos individuais, especificamente, em cada oferta. J\u00e1 alguma vez viajaste com a Juvigo? Diz-nos como foi a experi\u00eancia!<\/p>\n","protected":false},"excerpt":{"rendered":"<p>Criar grandes experi\u00eancias de f\u00e9rias para crian\u00e7as e jovens &#8211; \u00e9 isso que nos move na Juvigo todos os dias! Somos inspirados diariamente, pelos contactos que temos com pessoas do mundo das viagens de jovens. O que n\u00f3s dizemos sobre n\u00f3s \u00e9 uma coisa. O que os nossos Parceiros, monitores, crian\u00e7as e pais dizem sobre [&hellip;]<\/p>\n","protected":false},"author":3,"featured_media":8816,"parent":0,"menu_order":0,"comment_status":"closed","ping_status":"closed","template":"","meta":{"advgb_blocks_editor_width":"","advgb_blocks_columns_visual_guide":"","footnotes":"","_links_to":"","_links_to_target":""},"categories":[],"tags":[],"class_list":["post-8881","page","type-page","status-publish","has-post-thumbnail","hentry"],"yoast_head":"<!-- This site is optimized with the Yoast SEO plugin v24.8.1 - https:\/\/yoast.com\/wordpress\/plugins\/seo\/ -->\n<title>Experi\u00eancias e revis\u00f5es de clientes sobre a Juvigo - Juvigo Revista<\/title>\n<meta name=\"robots\" content=\"index, follow, max-snippet:-1, max-image-preview:large, max-video-preview:-1\" \/>\n<link rel=\"canonical\" href=\"https:\/\/juvigo.pt\/revista\/testemunhos\/\" \/>\n<meta property=\"og:locale\" content=\"pt_PT\" \/>\n<meta property=\"og:type\" content=\"article\" \/>\n<meta property=\"og:title\" content=\"Experi\u00eancias e revis\u00f5es de clientes sobre a Juvigo - Juvigo Revista\" \/>\n<meta property=\"og:description\" content=\"Criar grandes experi\u00eancias de f\u00e9rias para crian\u00e7as e jovens &#8211; \u00e9 isso que nos move na Juvigo todos os dias! Somos inspirados diariamente, pelos contactos que temos com pessoas do mundo das viagens de jovens. O que n\u00f3s dizemos sobre n\u00f3s \u00e9 uma coisa. O que os nossos Parceiros, monitores, crian\u00e7as e pais dizem sobre [&hellip;]\" \/>\n<meta property=\"og:url\" content=\"https:\/\/juvigo.pt\/revista\/testemunhos\/\" \/>\n<meta property=\"og:site_name\" content=\"Juvigo Revista\" \/>\n<meta property=\"article:publisher\" content=\"https:\/\/de-de.facebook.com\/meinjuvigo\" \/>\n<meta property=\"article:modified_time\" content=\"2024-11-29T09:19:06+00:00\" \/>\n<meta property=\"og:image\" content=\"https:\/\/juvigo.pt\/revista\/wp-content\/uploads\/2024\/07\/camping-4303357_1920.jpg\" \/>\n\t<meta property=\"og:image:width\" content=\"1920\" \/>\n\t<meta property=\"og:image:height\" content=\"1080\" \/>\n\t<meta property=\"og:image:type\" content=\"image\/jpeg\" \/>\n<meta name=\"twitter:card\" content=\"summary_large_image\" \/>\n<meta name=\"twitter:site\" content=\"@meinjuvigo\" \/>\n<meta name=\"twitter:label1\" content=\"Tempo estimado de leitura\" \/>\n\t<meta name=\"twitter:data1\" content=\"3 minutos\" \/>\n<script type=\"application\/ld+json\" class=\"yoast-schema-graph\">{\"@context\":\"https:\/\/schema.org\",\"@graph\":[{\"@type\":\"WebPage\",\"@id\":\"https:\/\/juvigo.pt\/revista\/testemunhos\/\",\"url\":\"https:\/\/juvigo.pt\/revista\/testemunhos\/\",\"name\":\"Experi\u00eancias e revis\u00f5es de clientes sobre a Juvigo - Juvigo Revista\",\"isPartOf\":{\"@id\":\"https:\/\/juvigo.pt\/revista\/#website\"},\"primaryImageOfPage\":{\"@id\":\"https:\/\/juvigo.pt\/revista\/testemunhos\/#primaryimage\"},\"image\":{\"@id\":\"https:\/\/juvigo.pt\/revista\/testemunhos\/#primaryimage\"},\"thumbnailUrl\":\"https:\/\/juvigo.pt\/revista\/wp-content\/uploads\/2024\/07\/camping-4303357_1920.jpg\",\"datePublished\":\"2024-07-04T09:22:16+00:00\",\"dateModified\":\"2024-11-29T09:19:06+00:00\",\"breadcrumb\":{\"@id\":\"https:\/\/juvigo.pt\/revista\/testemunhos\/#breadcrumb\"},\"inLanguage\":\"pt\",\"potentialAction\":[{\"@type\":\"ReadAction\",\"target\":[\"https:\/\/juvigo.pt\/revista\/testemunhos\/\"]}]},{\"@type\":\"ImageObject\",\"inLanguage\":\"pt\",\"@id\":\"https:\/\/juvigo.pt\/revista\/testemunhos\/#primaryimage\",\"url\":\"https:\/\/juvigo.pt\/revista\/wp-content\/uploads\/2024\/07\/camping-4303357_1920.jpg\",\"contentUrl\":\"https:\/\/juvigo.pt\/revista\/wp-content\/uploads\/2024\/07\/camping-4303357_1920.jpg\",\"width\":1920,\"height\":1080},{\"@type\":\"BreadcrumbList\",\"@id\":\"https:\/\/juvigo.pt\/revista\/testemunhos\/#breadcrumb\",\"itemListElement\":[{\"@type\":\"ListItem\",\"position\":1,\"name\":\"Juvigo Revista\",\"item\":\"https:\/\/juvigo.pt\/revista\/\"},{\"@type\":\"ListItem\",\"position\":2,\"name\":\"Experi\u00eancias e revis\u00f5es de clientes sobre a Juvigo\"}]},{\"@type\":\"WebSite\",\"@id\":\"https:\/\/juvigo.pt\/revista\/#website\",\"url\":\"https:\/\/juvigo.pt\/revista\/\",\"name\":\"Juvigo Revista\",\"description\":\"A revista Juvigo de Campos de f\u00e9rias, Col\u00f3nias de f\u00e9rias e Cursos de L\u00ednguas\",\"publisher\":{\"@id\":\"https:\/\/juvigo.pt\/revista\/#organization\"},\"potentialAction\":[{\"@type\":\"SearchAction\",\"target\":{\"@type\":\"EntryPoint\",\"urlTemplate\":\"https:\/\/juvigo.pt\/revista\/?s={search_term_string}\"},\"query-input\":{\"@type\":\"PropertyValueSpecification\",\"valueRequired\":true,\"valueName\":\"search_term_string\"}}],\"inLanguage\":\"pt\"},{\"@type\":\"Organization\",\"@id\":\"https:\/\/juvigo.pt\/revista\/#organization\",\"name\":\"Juvigo GmbH\",\"url\":\"https:\/\/juvigo.pt\/revista\/\",\"logo\":{\"@type\":\"ImageObject\",\"inLanguage\":\"pt\",\"@id\":\"https:\/\/juvigo.pt\/revista\/#\/schema\/logo\/image\/\",\"url\":\"https:\/\/juvigo.es\/revista\/wp-content\/uploads\/2022\/02\/magazine_logo_scaled.png\",\"contentUrl\":\"https:\/\/juvigo.es\/revista\/wp-content\/uploads\/2022\/02\/magazine_logo_scaled.png\",\"width\":240,\"height\":100,\"caption\":\"Juvigo GmbH\"},\"image\":{\"@id\":\"https:\/\/juvigo.pt\/revista\/#\/schema\/logo\/image\/\"},\"sameAs\":[\"https:\/\/de-de.facebook.com\/meinjuvigo\",\"https:\/\/x.com\/meinjuvigo\",\"http:\/\/instagram.com\/juvigo_de\/\"]}]}<\/script>\n<!-- \/ Yoast SEO plugin. -->","yoast_head_json":{"title":"Experi\u00eancias e revis\u00f5es de clientes sobre a Juvigo - Juvigo Revista","robots":{"index":"index","follow":"follow","max-snippet":"max-snippet:-1","max-image-preview":"max-image-preview:large","max-video-preview":"max-video-preview:-1"},"canonical":"https:\/\/juvigo.pt\/revista\/testemunhos\/","og_locale":"pt_PT","og_type":"article","og_title":"Experi\u00eancias e revis\u00f5es de clientes sobre a Juvigo - Juvigo Revista","og_description":"Criar grandes experi\u00eancias de f\u00e9rias para crian\u00e7as e jovens &#8211; \u00e9 isso que nos move na Juvigo todos os dias! Somos inspirados diariamente, pelos contactos que temos com pessoas do mundo das viagens de jovens. O que n\u00f3s dizemos sobre n\u00f3s \u00e9 uma coisa. O que os nossos Parceiros, monitores, crian\u00e7as e pais dizem sobre [&hellip;]","og_url":"https:\/\/juvigo.pt\/revista\/testemunhos\/","og_site_name":"Juvigo Revista","article_publisher":"https:\/\/de-de.facebook.com\/meinjuvigo","article_modified_time":"2024-11-29T09:19:06+00:00","og_image":[{"width":1920,"height":1080,"url":"https:\/\/juvigo.pt\/revista\/wp-content\/uploads\/2024\/07\/camping-4303357_1920.jpg","type":"image\/jpeg"}],"twitter_card":"summary_large_image","twitter_site":"@meinjuvigo","twitter_misc":{"Tempo estimado de leitura":"3 minutos"},"schema":{"@context":"https:\/\/schema.org","@graph":[{"@type":"WebPage","@id":"https:\/\/juvigo.pt\/revista\/testemunhos\/","url":"https:\/\/juvigo.pt\/revista\/testemunhos\/","name":"Experi\u00eancias e revis\u00f5es de clientes sobre a Juvigo - Juvigo Revista","isPartOf":{"@id":"https:\/\/juvigo.pt\/revista\/#website"},"primaryImageOfPage":{"@id":"https:\/\/juvigo.pt\/revista\/testemunhos\/#primaryimage"},"image":{"@id":"https:\/\/juvigo.pt\/revista\/testemunhos\/#primaryimage"},"thumbnailUrl":"https:\/\/juvigo.pt\/revista\/wp-content\/uploads\/2024\/07\/camping-4303357_1920.jpg","datePublished":"2024-07-04T09:22:16+00:00","dateModified":"2024-11-29T09:19:06+00:00","breadcrumb":{"@id":"https:\/\/juvigo.pt\/revista\/testemunhos\/#breadcrumb"},"inLanguage":"pt","potentialAction":[{"@type":"ReadAction","target":["https:\/\/juvigo.pt\/revista\/testemunhos\/"]}]},{"@type":"ImageObject","inLanguage":"pt","@id":"https:\/\/juvigo.pt\/revista\/testemunhos\/#primaryimage","url":"https:\/\/juvigo.pt\/revista\/wp-content\/uploads\/2024\/07\/camping-4303357_1920.jpg","contentUrl":"https:\/\/juvigo.pt\/revista\/wp-content\/uploads\/2024\/07\/camping-4303357_1920.jpg","width":1920,"height":1080},{"@type":"BreadcrumbList","@id":"https:\/\/juvigo.pt\/revista\/testemunhos\/#breadcrumb","itemListElement":[{"@type":"ListItem","position":1,"name":"Juvigo Revista","item":"https:\/\/juvigo.pt\/revista\/"},{"@type":"ListItem","position":2,"name":"Experi\u00eancias e revis\u00f5es de clientes sobre a Juvigo"}]},{"@type":"WebSite","@id":"https:\/\/juvigo.pt\/revista\/#website","url":"https:\/\/juvigo.pt\/revista\/","name":"Juvigo Revista","description":"A revista Juvigo de Campos de f\u00e9rias, Col\u00f3nias de f\u00e9rias e Cursos de L\u00ednguas","publisher":{"@id":"https:\/\/juvigo.pt\/revista\/#organization"},"potentialAction":[{"@type":"SearchAction","target":{"@type":"EntryPoint","urlTemplate":"https:\/\/juvigo.pt\/revista\/?s={search_term_string}"},"query-input":{"@type":"PropertyValueSpecification","valueRequired":true,"valueName":"search_term_string"}}],"inLanguage":"pt"},{"@type":"Organization","@id":"https:\/\/juvigo.pt\/revista\/#organization","name":"Juvigo GmbH","url":"https:\/\/juvigo.pt\/revista\/","logo":{"@type":"ImageObject","inLanguage":"pt","@id":"https:\/\/juvigo.pt\/revista\/#\/schema\/logo\/image\/","url":"https:\/\/juvigo.es\/revista\/wp-content\/uploads\/2022\/02\/magazine_logo_scaled.png","contentUrl":"https:\/\/juvigo.es\/revista\/wp-content\/uploads\/2022\/02\/magazine_logo_scaled.png","width":240,"height":100,"caption":"Juvigo GmbH"},"image":{"@id":"https:\/\/juvigo.pt\/revista\/#\/schema\/logo\/image\/"},"sameAs":["https:\/\/de-de.facebook.com\/meinjuvigo","https:\/\/x.com\/meinjuvigo","http:\/\/instagram.com\/juvigo_de\/"]}]}},"wps_subtitle":"","coauthors":[],"author_meta":{"author_link":"https:\/\/juvigo.pt\/revista\/author\/max\/","display_name":"Max"},"relative_dates":{"created":"Posted 2 anos ago","modified":"Updated 1 ano ago"},"absolute_dates":{"created":"Posted on 04.07.2024","modified":"Updated on 29.11.2024"},"absolute_dates_time":{"created":"Posted on 04.07.2024 10:22","modified":"Updated on 29.11.2024 09:19"},"featured_img_caption":"","featured_img":"https:\/\/juvigo.pt\/revista\/wp-content\/uploads\/2024\/07\/camping-4303357_1920.jpg","series_order":"","_links":{"self":[{"href":"https:\/\/juvigo.pt\/revista\/wp-json\/wp\/v2\/pages\/8881","targetHints":{"allow":["GET"]}}],"collection":[{"href":"https:\/\/juvigo.pt\/revista\/wp-json\/wp\/v2\/pages"}],"about":[{"href":"https:\/\/juvigo.pt\/revista\/wp-json\/wp\/v2\/types\/page"}],"author":[{"embeddable":true,"href":"https:\/\/juvigo.pt\/revista\/wp-json\/wp\/v2\/users\/3"}],"replies":[{"embeddable":true,"href":"https:\/\/juvigo.pt\/revista\/wp-json\/wp\/v2\/comments?post=8881"}],"version-history":[{"count":5,"href":"https:\/\/juvigo.pt\/revista\/wp-json\/wp\/v2\/pages\/8881\/revisions"}],"predecessor-version":[{"id":9219,"href":"https:\/\/juvigo.pt\/revista\/wp-json\/wp\/v2\/pages\/8881\/revisions\/9219"}],"wp:featuredmedia":[{"embeddable":true,"href":"https:\/\/juvigo.pt\/revista\/wp-json\/wp\/v2\/media\/8816"}],"wp:attachment":[{"href":"https:\/\/juvigo.pt\/revista\/wp-json\/wp\/v2\/media?parent=8881"}],"wp:term":[{"taxonomy":"category","embeddable":true,"href":"https:\/\/juvigo.pt\/revista\/wp-json\/wp\/v2\/categories?post=8881"},{"taxonomy":"post_tag","embeddable":true,"href":"https:\/\/juvigo.pt\/revista\/wp-json\/wp\/v2\/tags?post=8881"}],"curies":[{"name":"wp","href":"https:\/\/api.w.org\/{rel}","templated":true}]}}