{"id":8874,"date":"2024-07-04T10:15:50","date_gmt":"2024-07-04T09:15:50","guid":{"rendered":"https:\/\/juvigo.pt\/revista\/?page_id=8874"},"modified":"2024-07-04T10:18:59","modified_gmt":"2024-07-04T09:18:59","slug":"parceiros-juvigo","status":"publish","type":"page","link":"https:\/\/juvigo.pt\/revista\/parceiros-juvigo\/","title":{"rendered":"Os nossos Parceiros"},"content":{"rendered":"\n<h2 class=\"wp-block-heading teilnehmererfahrungen\">Os nossos Parceiros<\/h2>\n\n\n\n<p class=\"teilnehmererfahrungen\">Quem s\u00e3o os melhores organizadores de viagens para jovens? Que operador tur\u00edstico assegura que os campos de imers\u00e3o lingu\u00edstica ter\u00e3o um progresso na aprendizagem, mas ao mesmo tempo tamb\u00e9m ser\u00e3o divertidos? E onde podes reservar campos de f\u00e9rias mais baratos? Estas perguntas s\u00e3o feitas todos os anos por milhares de crian\u00e7as, adolescentes e pais.<\/p>\n\n\n\n<h2 class=\"wp-block-heading teilnehmererfahrungen\">Organizadores de Campos de f\u00e9rias em Portugal ao longo de todo o ano<\/h2>\n\n\n\n<p class=\"teilnehmererfahrungen\">A \u00e9poca do ano n\u00e3o importa &#8211; na Juvigo podes encontrar ofertas para as tuas f\u00e9rias em todas as esta\u00e7\u00f5es. Com a Juvigo podes comparar as ofertas de campos de f\u00e9rias de todos os organizadores. Nas nossas ofertas podes encontrar campos de f\u00e9rias em Portugal ou no estrangeiro. E todos os anos continuamos a crescer! A Juvigo trabalha com mais de 200 organizadores de campos de f\u00e9rias para crian\u00e7as e jovens. Encontrar\u00e1s ofertas um pouco por todo o pa\u00eds, para viagens ao estrangeiro pode existir um voo ou viagem de autocarro inclu\u00eddos. Estamos muito satisfeitos pela fam\u00edlia Juvigo estar em constante crescimento.<\/p>\n\n\n\n<h2 class=\"wp-block-heading teilnehmererfahrungen\">Vis\u00e3o geral dos Campos de Imers\u00e3o Lingu\u00edstica<\/h2>\n\n\n\n<p class=\"teilnehmererfahrungen\">Os nossos organizadores asseguram que um campo de imers\u00e3o lingu\u00edstica vai muito al\u00e9m da simples aprendizagem de uma l\u00edngua estrangeira. Por exemplo, os campos de l\u00ednguas em Inglaterra, incluem uma viagem a Londres, bem como aulas em escolas reconhecidas de l\u00edngua inglesa. O princ\u00edpio \u00e9 o mesmo seja em Portugal ou noutro pa\u00eds: podes contar com muitas atividades de lazer, tais como, surf, equita\u00e7\u00e3o, futebol ou escalada que v\u00e3o alternando com o per\u00edodo de aulas. De uma forma geral, os campos em Portugal s\u00e3o mais baratos que no estrangeiro, contudo alguns campos oferecem monitores nativos e imers\u00e3o na cultura atrav\u00e9s de por exemplo refei\u00e7\u00f5es tradicionais.<\/p>\n\n\n\n<iframe id=\"juvigo_ibe\" src=\"https:\/\/ibe.juvigo.pt\/embed\/partners\" frameborder=\"0\" scrolling=\"no\" style=\"overflow:hidden;\" width=\"100%\"><\/iframe>\n","protected":false},"excerpt":{"rendered":"<p>Os nossos Parceiros Quem s\u00e3o os melhores organizadores de viagens para jovens? Que operador tur\u00edstico assegura que os campos de imers\u00e3o lingu\u00edstica ter\u00e3o um progresso na aprendizagem, mas ao mesmo tempo tamb\u00e9m ser\u00e3o divertidos? E onde podes reservar campos de f\u00e9rias mais baratos? Estas perguntas s\u00e3o feitas todos os anos por milhares de crian\u00e7as, adolescentes [&hellip;]<\/p>\n","protected":false},"author":3,"featured_media":0,"parent":0,"menu_order":0,"comment_status":"closed","ping_status":"closed","template":"redux-templates_full_width","meta":{"advgb_blocks_editor_width":"","advgb_blocks_columns_visual_guide":"","footnotes":"","_links_to":"","_links_to_target":""},"categories":[],"tags":[],"class_list":["post-8874","page","type-page","status-publish","hentry"],"yoast_head":"<!-- This site is optimized with the Yoast SEO plugin v24.8.1 - https:\/\/yoast.com\/wordpress\/plugins\/seo\/ -->\n<title>Os nossos Parceiros - Juvigo Revista<\/title>\n<meta name=\"robots\" content=\"index, follow, max-snippet:-1, max-image-preview:large, max-video-preview:-1\" \/>\n<link rel=\"canonical\" href=\"https:\/\/juvigo.pt\/revista\/parceiros-juvigo\/\" \/>\n<meta property=\"og:locale\" content=\"pt_PT\" \/>\n<meta property=\"og:type\" content=\"article\" \/>\n<meta property=\"og:title\" content=\"Os nossos Parceiros - Juvigo Revista\" \/>\n<meta property=\"og:description\" content=\"Os nossos Parceiros Quem s\u00e3o os melhores organizadores de viagens para jovens? Que operador tur\u00edstico assegura que os campos de imers\u00e3o lingu\u00edstica ter\u00e3o um progresso na aprendizagem, mas ao mesmo tempo tamb\u00e9m ser\u00e3o divertidos? E onde podes reservar campos de f\u00e9rias mais baratos? Estas perguntas s\u00e3o feitas todos os anos por milhares de crian\u00e7as, adolescentes [&hellip;]\" \/>\n<meta property=\"og:url\" content=\"https:\/\/juvigo.pt\/revista\/parceiros-juvigo\/\" \/>\n<meta property=\"og:site_name\" content=\"Juvigo Revista\" \/>\n<meta property=\"article:publisher\" content=\"https:\/\/de-de.facebook.com\/meinjuvigo\" \/>\n<meta property=\"article:modified_time\" content=\"2024-07-04T09:18:59+00:00\" \/>\n<meta property=\"og:image\" content=\"https:\/\/juvigo.pt\/revista\/wp-content\/uploads\/2019\/02\/banner-small-1.jpg\" \/>\n\t<meta property=\"og:image:width\" content=\"1440\" \/>\n\t<meta property=\"og:image:height\" content=\"590\" \/>\n\t<meta property=\"og:image:type\" content=\"image\/jpeg\" \/>\n<meta name=\"twitter:card\" content=\"summary_large_image\" \/>\n<meta name=\"twitter:site\" content=\"@meinjuvigo\" \/>\n<meta name=\"twitter:label1\" content=\"Tempo estimado de leitura\" \/>\n\t<meta name=\"twitter:data1\" content=\"2 minutos\" \/>\n<script type=\"application\/ld+json\" class=\"yoast-schema-graph\">{\"@context\":\"https:\/\/schema.org\",\"@graph\":[{\"@type\":\"WebPage\",\"@id\":\"https:\/\/juvigo.pt\/revista\/parceiros-juvigo\/\",\"url\":\"https:\/\/juvigo.pt\/revista\/parceiros-juvigo\/\",\"name\":\"Os nossos Parceiros - Juvigo Revista\",\"isPartOf\":{\"@id\":\"https:\/\/juvigo.pt\/revista\/#website\"},\"datePublished\":\"2024-07-04T09:15:50+00:00\",\"dateModified\":\"2024-07-04T09:18:59+00:00\",\"breadcrumb\":{\"@id\":\"https:\/\/juvigo.pt\/revista\/parceiros-juvigo\/#breadcrumb\"},\"inLanguage\":\"pt\",\"potentialAction\":[{\"@type\":\"ReadAction\",\"target\":[\"https:\/\/juvigo.pt\/revista\/parceiros-juvigo\/\"]}]},{\"@type\":\"BreadcrumbList\",\"@id\":\"https:\/\/juvigo.pt\/revista\/parceiros-juvigo\/#breadcrumb\",\"itemListElement\":[{\"@type\":\"ListItem\",\"position\":1,\"name\":\"Juvigo Revista\",\"item\":\"https:\/\/juvigo.pt\/revista\/\"},{\"@type\":\"ListItem\",\"position\":2,\"name\":\"Os nossos Parceiros\"}]},{\"@type\":\"WebSite\",\"@id\":\"https:\/\/juvigo.pt\/revista\/#website\",\"url\":\"https:\/\/juvigo.pt\/revista\/\",\"name\":\"Juvigo Revista\",\"description\":\"A revista Juvigo de Campos de f\u00e9rias, Col\u00f3nias de f\u00e9rias e Cursos de L\u00ednguas\",\"publisher\":{\"@id\":\"https:\/\/juvigo.pt\/revista\/#organization\"},\"potentialAction\":[{\"@type\":\"SearchAction\",\"target\":{\"@type\":\"EntryPoint\",\"urlTemplate\":\"https:\/\/juvigo.pt\/revista\/?s={search_term_string}\"},\"query-input\":{\"@type\":\"PropertyValueSpecification\",\"valueRequired\":true,\"valueName\":\"search_term_string\"}}],\"inLanguage\":\"pt\"},{\"@type\":\"Organization\",\"@id\":\"https:\/\/juvigo.pt\/revista\/#organization\",\"name\":\"Juvigo GmbH\",\"url\":\"https:\/\/juvigo.pt\/revista\/\",\"logo\":{\"@type\":\"ImageObject\",\"inLanguage\":\"pt\",\"@id\":\"https:\/\/juvigo.pt\/revista\/#\/schema\/logo\/image\/\",\"url\":\"https:\/\/juvigo.es\/revista\/wp-content\/uploads\/2022\/02\/magazine_logo_scaled.png\",\"contentUrl\":\"https:\/\/juvigo.es\/revista\/wp-content\/uploads\/2022\/02\/magazine_logo_scaled.png\",\"width\":240,\"height\":100,\"caption\":\"Juvigo GmbH\"},\"image\":{\"@id\":\"https:\/\/juvigo.pt\/revista\/#\/schema\/logo\/image\/\"},\"sameAs\":[\"https:\/\/de-de.facebook.com\/meinjuvigo\",\"https:\/\/x.com\/meinjuvigo\",\"http:\/\/instagram.com\/juvigo_de\/\"]}]}<\/script>\n<!-- \/ Yoast SEO plugin. -->","yoast_head_json":{"title":"Os nossos Parceiros - Juvigo Revista","robots":{"index":"index","follow":"follow","max-snippet":"max-snippet:-1","max-image-preview":"max-image-preview:large","max-video-preview":"max-video-preview:-1"},"canonical":"https:\/\/juvigo.pt\/revista\/parceiros-juvigo\/","og_locale":"pt_PT","og_type":"article","og_title":"Os nossos Parceiros - Juvigo Revista","og_description":"Os nossos Parceiros Quem s\u00e3o os melhores organizadores de viagens para jovens? Que operador tur\u00edstico assegura que os campos de imers\u00e3o lingu\u00edstica ter\u00e3o um progresso na aprendizagem, mas ao mesmo tempo tamb\u00e9m ser\u00e3o divertidos? E onde podes reservar campos de f\u00e9rias mais baratos? Estas perguntas s\u00e3o feitas todos os anos por milhares de crian\u00e7as, adolescentes [&hellip;]","og_url":"https:\/\/juvigo.pt\/revista\/parceiros-juvigo\/","og_site_name":"Juvigo Revista","article_publisher":"https:\/\/de-de.facebook.com\/meinjuvigo","article_modified_time":"2024-07-04T09:18:59+00:00","og_image":[{"width":1440,"height":590,"url":"https:\/\/juvigo.pt\/revista\/wp-content\/uploads\/2019\/02\/banner-small-1.jpg","type":"image\/jpeg"}],"twitter_card":"summary_large_image","twitter_site":"@meinjuvigo","twitter_misc":{"Tempo estimado de leitura":"2 minutos"},"schema":{"@context":"https:\/\/schema.org","@graph":[{"@type":"WebPage","@id":"https:\/\/juvigo.pt\/revista\/parceiros-juvigo\/","url":"https:\/\/juvigo.pt\/revista\/parceiros-juvigo\/","name":"Os nossos Parceiros - Juvigo Revista","isPartOf":{"@id":"https:\/\/juvigo.pt\/revista\/#website"},"datePublished":"2024-07-04T09:15:50+00:00","dateModified":"2024-07-04T09:18:59+00:00","breadcrumb":{"@id":"https:\/\/juvigo.pt\/revista\/parceiros-juvigo\/#breadcrumb"},"inLanguage":"pt","potentialAction":[{"@type":"ReadAction","target":["https:\/\/juvigo.pt\/revista\/parceiros-juvigo\/"]}]},{"@type":"BreadcrumbList","@id":"https:\/\/juvigo.pt\/revista\/parceiros-juvigo\/#breadcrumb","itemListElement":[{"@type":"ListItem","position":1,"name":"Juvigo Revista","item":"https:\/\/juvigo.pt\/revista\/"},{"@type":"ListItem","position":2,"name":"Os nossos Parceiros"}]},{"@type":"WebSite","@id":"https:\/\/juvigo.pt\/revista\/#website","url":"https:\/\/juvigo.pt\/revista\/","name":"Juvigo Revista","description":"A revista Juvigo de Campos de f\u00e9rias, Col\u00f3nias de f\u00e9rias e Cursos de L\u00ednguas","publisher":{"@id":"https:\/\/juvigo.pt\/revista\/#organization"},"potentialAction":[{"@type":"SearchAction","target":{"@type":"EntryPoint","urlTemplate":"https:\/\/juvigo.pt\/revista\/?s={search_term_string}"},"query-input":{"@type":"PropertyValueSpecification","valueRequired":true,"valueName":"search_term_string"}}],"inLanguage":"pt"},{"@type":"Organization","@id":"https:\/\/juvigo.pt\/revista\/#organization","name":"Juvigo GmbH","url":"https:\/\/juvigo.pt\/revista\/","logo":{"@type":"ImageObject","inLanguage":"pt","@id":"https:\/\/juvigo.pt\/revista\/#\/schema\/logo\/image\/","url":"https:\/\/juvigo.es\/revista\/wp-content\/uploads\/2022\/02\/magazine_logo_scaled.png","contentUrl":"https:\/\/juvigo.es\/revista\/wp-content\/uploads\/2022\/02\/magazine_logo_scaled.png","width":240,"height":100,"caption":"Juvigo GmbH"},"image":{"@id":"https:\/\/juvigo.pt\/revista\/#\/schema\/logo\/image\/"},"sameAs":["https:\/\/de-de.facebook.com\/meinjuvigo","https:\/\/x.com\/meinjuvigo","http:\/\/instagram.com\/juvigo_de\/"]}]}},"wps_subtitle":"","coauthors":[],"author_meta":{"author_link":"https:\/\/juvigo.pt\/revista\/author\/max\/","display_name":"Max"},"relative_dates":{"created":"Posted 2 anos ago","modified":"Updated 2 anos ago"},"absolute_dates":{"created":"Posted on 04.07.2024","modified":"Updated on 04.07.2024"},"absolute_dates_time":{"created":"Posted on 04.07.2024 10:15","modified":"Updated on 04.07.2024 10:18"},"featured_img_caption":"","featured_img":false,"series_order":"","_links":{"self":[{"href":"https:\/\/juvigo.pt\/revista\/wp-json\/wp\/v2\/pages\/8874","targetHints":{"allow":["GET"]}}],"collection":[{"href":"https:\/\/juvigo.pt\/revista\/wp-json\/wp\/v2\/pages"}],"about":[{"href":"https:\/\/juvigo.pt\/revista\/wp-json\/wp\/v2\/types\/page"}],"author":[{"embeddable":true,"href":"https:\/\/juvigo.pt\/revista\/wp-json\/wp\/v2\/users\/3"}],"replies":[{"embeddable":true,"href":"https:\/\/juvigo.pt\/revista\/wp-json\/wp\/v2\/comments?post=8874"}],"version-history":[{"count":3,"href":"https:\/\/juvigo.pt\/revista\/wp-json\/wp\/v2\/pages\/8874\/revisions"}],"predecessor-version":[{"id":8879,"href":"https:\/\/juvigo.pt\/revista\/wp-json\/wp\/v2\/pages\/8874\/revisions\/8879"}],"wp:attachment":[{"href":"https:\/\/juvigo.pt\/revista\/wp-json\/wp\/v2\/media?parent=8874"}],"wp:term":[{"taxonomy":"category","embeddable":true,"href":"https:\/\/juvigo.pt\/revista\/wp-json\/wp\/v2\/categories?post=8874"},{"taxonomy":"post_tag","embeddable":true,"href":"https:\/\/juvigo.pt\/revista\/wp-json\/wp\/v2\/tags?post=8874"}],"curies":[{"name":"wp","href":"https:\/\/api.w.org\/{rel}","templated":true}]}}