{"id":8867,"date":"2024-07-04T10:11:01","date_gmt":"2024-07-04T09:11:01","guid":{"rendered":"https:\/\/juvigo.pt\/revista\/?page_id=8867"},"modified":"2024-07-04T10:11:36","modified_gmt":"2024-07-04T09:11:36","slug":"seguros","status":"publish","type":"page","link":"https:\/\/juvigo.pt\/revista\/seguros\/","title":{"rendered":"Seguro de Viagem &#8211; Juvigo"},"content":{"rendered":"\n<p>Juntamente com o nosso parceiro HanseMerkur, com mais de 140 anos de experi\u00eancia, oferecemos-lhe um seguro de excelente qualidade!<\/p>\n\n\n\n<p>Negoci\u00e1mos as melhores condi\u00e7\u00f5es para a tua viagem e podemos fazer-te uma oferta melhor que qualquer reserva numa outra seguradora.<\/p>\n\n\n\n<figure class=\"wp-block-image size-full\"><img decoding=\"async\" width=\"645\" height=\"410\" data-src=\"https:\/\/juvigo.pt\/revista\/wp-content\/uploads\/2024\/07\/image-1.jpeg\" alt=\"\" class=\"wp-image-8869 lazyload\" title=\"Compara\u00e7\u00e3o seguro de cancelamento de viagem e prote\u00e7\u00e3o premium 5 estrelas\" data-srcset=\"https:\/\/juvigo.pt\/revista\/wp-content\/uploads\/2024\/07\/image-1.jpeg 645w, https:\/\/juvigo.pt\/revista\/wp-content\/uploads\/2024\/07\/image-1-300x191.jpeg 300w, https:\/\/juvigo.pt\/revista\/wp-content\/uploads\/2024\/07\/image-1-600x381.jpeg 600w\" data-sizes=\"(max-width: 645px) 100vw, 645px\" src=\"data:image\/gif;base64,R0lGODlhAQABAAAAACH5BAEKAAEALAAAAAABAAEAAAICTAEAOw==\" style=\"--smush-placeholder-width: 645px; --smush-placeholder-aspect-ratio: 645\/410;\" \/><\/figure>\n\n\n\n<div style=\"height:30px\" aria-hidden=\"true\" class=\"wp-block-spacer\"><\/div>\n\n\n\n<h2 class=\"wp-block-heading\">Seguro de cancelamento de viagem<\/h2>\n\n\n\n<p>Em caso de cancelamento da reserva de viagem ou in\u00edcio atrasado da viagem, reembolsaremos os custos de cancelamento contratualmente devidos ou os custos adicionais da viagem de ida. Algo de particular interesse para si: Fica isento de franquia (exce\u00e7\u00e3o: tratamento em ambulat\u00f3rio com uma franquia de 20%, m\u00edn. 25 euros).<\/p>\n\n\n\n<h2 class=\"wp-block-heading\">Prote\u00e7\u00e3o premium 5 estrelas<\/h2>\n\n\n\n<p>A prote\u00e7\u00e3o premium protege perfeitamente as tuas f\u00e9rias &#8211; aqui obt\u00e9m praticamente todos os seguros de viagem mais importantes, num s\u00f3 pacote. O nosso pacote prote\u00e7\u00e3o premium oferece, para al\u00e9m do seguro de cancelamento de viagem supramencionado, os seguintes benef\u00edcios adicionais:<\/p>\n\n\n\n<h3 class=\"wp-block-heading\">Garantia de f\u00e9rias (Seguro-Anula\u00e7\u00e3o da viagem)<\/h3>\n\n\n\n<p>Em caso de interrup\u00e7\u00e3o prematura da viagem, reembolsaremos o pre\u00e7o total ou parcial da viagem, dependendo da hora de inquiridos. Al\u00e9m disso, suportamos os custos adicionais em caso de atraso na viagem de ida e volta e reembolsamos os servi\u00e7os de viagem n\u00e3o reutilizados em caso de atraso de partida.<\/p>\n\n\n\n<h3 class=\"wp-block-heading\">Seguro de sa\u00fade em viagem<\/h3>\n\n\n\n<p>No caso de tratamento m\u00e9dico necess\u00e1rio no estrangeiro, reembolsamos, entre outras coisas, os custos do tratamento ambulat\u00f3rio e hospitalar como doente privado, medicamentos e pensos com receita m\u00e9dica e assumimos os custos do transporte de regresso ao pa\u00eds de origem por ordem m\u00e9dica. Tudo sem ter de pagar franquia.<\/p>\n\n\n\n<h3 class=\"wp-block-heading\">Seguro de Emerg\u00eancia<\/h3>\n\n\n\n<p>O nosso servi\u00e7o de chamada de emerg\u00eancia est\u00e1 dispon\u00edvel durante a sua viagem 365 dias por ano, 24 sobre 24, em todo o mundo. Isto inclui, entre outras coisas, o transporte ou assist\u00eancia do doente em caso de perda de documentos ou perda de meios de pagamento.<\/p>\n\n\n\n<h3 class=\"wp-block-heading\">Seguro de bagagem<\/h3>\n\n\n\n<p>Em caso de danos ou extravio da sua bagagem, substituiremos o valor atual at\u00e9 um limite superior de 2.000 euros. Caso a sua bagagem n\u00e3o seja entregue a tempo, reembolsaremos todas as compras de substitui\u00e7\u00e3o necess\u00e1rias at\u00e9 500 euros. Tudo sem ter de pagar franquia.<\/p>\n\n\n\n<h3 class=\"wp-block-heading\">Seguro de responsabilidade civil em viagem<\/h3>\n\n\n\n<p>Goza de cobertura de seguro contra pedidos de indemniza\u00e7\u00e3o por danos pessoais e danos materiais. O montante seguro ascende a um m\u00e1x. de 1,5 milh\u00f5es EUR, dos quais at\u00e9 um m\u00e1x. de 25.000,\u2013 euros para danos \u00e0 propriedade alugada (franquia para danos \u00e0 propriedade alugada \u00e9 de 20%, min. 50 euros).<\/p>\n\n\n\n<h3 class=\"wp-block-heading\">Seguro de acidente em viagem<\/h3>\n\n\n\n<p>Em caso de incapacidade por acidente, pagaremos uma indemni za\u00e7\u00e3o, em fun\u00e7\u00e3o do grau de les\u00e3o permanente. Em caso de morte acidental, o benef\u00edcio \u00e9 de 20.000 euros. Para crian\u00e7as at\u00e9 aos 18 anos, 10.000 euros.<\/p>\n\n\n\n<figure class=\"wp-block-image size-full\"><img decoding=\"async\" width=\"622\" height=\"413\" data-src=\"https:\/\/juvigo.pt\/revista\/wp-content\/uploads\/2024\/07\/image.jpeg\" alt=\"\" class=\"wp-image-8868 lazyload\" title=\"Panorama dos pr\u00e9mios de seguro classificados de acordo com o pre\u00e7o da viagem\" data-srcset=\"https:\/\/juvigo.pt\/revista\/wp-content\/uploads\/2024\/07\/image.jpeg 622w, https:\/\/juvigo.pt\/revista\/wp-content\/uploads\/2024\/07\/image-300x199.jpeg 300w, https:\/\/juvigo.pt\/revista\/wp-content\/uploads\/2024\/07\/image-600x398.jpeg 600w, https:\/\/juvigo.pt\/revista\/wp-content\/uploads\/2024\/07\/image-227x152.jpeg 227w, https:\/\/juvigo.pt\/revista\/wp-content\/uploads\/2024\/07\/image-143x96.jpeg 143w, https:\/\/juvigo.pt\/revista\/wp-content\/uploads\/2024\/07\/image-385x257.jpeg 385w\" data-sizes=\"(max-width: 622px) 100vw, 622px\" src=\"data:image\/gif;base64,R0lGODlhAQABAAAAACH5BAEKAAEALAAAAAABAAEAAAICTAEAOw==\" style=\"--smush-placeholder-width: 622px; --smush-placeholder-aspect-ratio: 622\/413;\" \/><\/figure>\n\n\n\n<div style=\"height:30px\" aria-hidden=\"true\" class=\"wp-block-spacer\"><\/div>\n\n\n\n<p>Ao subscrever um seguro, receber\u00e1s todas as condi\u00e7\u00f5es e descri\u00e7\u00f5es do mesmo. Se poss\u00edvel, faz um seguro ao reservar a tua viagem, para usufruir das suas vantagens desde o in\u00edcio da tua experi\u00eancia. Caso contr\u00e1rio, existem outros prazos, que teremos muito gosto em informar.<\/p>\n","protected":false},"excerpt":{"rendered":"<p>Juntamente com o nosso parceiro HanseMerkur, com mais de 140 anos de experi\u00eancia, oferecemos-lhe um seguro de excelente qualidade! Negoci\u00e1mos as melhores condi\u00e7\u00f5es para a tua viagem e podemos fazer-te uma oferta melhor que qualquer reserva numa outra seguradora. Seguro de cancelamento de viagem Em caso de cancelamento da reserva de viagem ou in\u00edcio atrasado [&hellip;]<\/p>\n","protected":false},"author":3,"featured_media":8816,"parent":0,"menu_order":0,"comment_status":"closed","ping_status":"closed","template":"","meta":{"advgb_blocks_editor_width":"","advgb_blocks_columns_visual_guide":"","footnotes":"","_links_to":"","_links_to_target":""},"categories":[],"tags":[],"class_list":["post-8867","page","type-page","status-publish","has-post-thumbnail","hentry"],"yoast_head":"<!-- This site is optimized with the Yoast SEO plugin v24.8.1 - https:\/\/yoast.com\/wordpress\/plugins\/seo\/ -->\n<title>Seguro de Viagem - Juvigo - Juvigo Revista<\/title>\n<meta name=\"robots\" content=\"index, follow, max-snippet:-1, max-image-preview:large, max-video-preview:-1\" \/>\n<link rel=\"canonical\" href=\"https:\/\/juvigo.pt\/revista\/seguros\/\" \/>\n<meta property=\"og:locale\" content=\"pt_PT\" \/>\n<meta property=\"og:type\" content=\"article\" \/>\n<meta property=\"og:title\" content=\"Seguro de Viagem - Juvigo - Juvigo Revista\" \/>\n<meta property=\"og:description\" content=\"Juntamente com o nosso parceiro HanseMerkur, com mais de 140 anos de experi\u00eancia, oferecemos-lhe um seguro de excelente qualidade! Negoci\u00e1mos as melhores condi\u00e7\u00f5es para a tua viagem e podemos fazer-te uma oferta melhor que qualquer reserva numa outra seguradora. Seguro de cancelamento de viagem Em caso de cancelamento da reserva de viagem ou in\u00edcio atrasado [&hellip;]\" \/>\n<meta property=\"og:url\" content=\"https:\/\/juvigo.pt\/revista\/seguros\/\" \/>\n<meta property=\"og:site_name\" content=\"Juvigo Revista\" \/>\n<meta property=\"article:publisher\" content=\"https:\/\/de-de.facebook.com\/meinjuvigo\" \/>\n<meta property=\"article:modified_time\" content=\"2024-07-04T09:11:36+00:00\" \/>\n<meta property=\"og:image\" content=\"https:\/\/juvigo.pt\/revista\/wp-content\/uploads\/2024\/07\/camping-4303357_1920.jpg\" \/>\n\t<meta property=\"og:image:width\" content=\"1920\" \/>\n\t<meta property=\"og:image:height\" content=\"1080\" \/>\n\t<meta property=\"og:image:type\" content=\"image\/jpeg\" \/>\n<meta name=\"twitter:card\" content=\"summary_large_image\" \/>\n<meta name=\"twitter:site\" content=\"@meinjuvigo\" \/>\n<meta name=\"twitter:label1\" content=\"Tempo estimado de leitura\" \/>\n\t<meta name=\"twitter:data1\" content=\"4 minutos\" \/>\n<script type=\"application\/ld+json\" class=\"yoast-schema-graph\">{\"@context\":\"https:\/\/schema.org\",\"@graph\":[{\"@type\":\"WebPage\",\"@id\":\"https:\/\/juvigo.pt\/revista\/seguros\/\",\"url\":\"https:\/\/juvigo.pt\/revista\/seguros\/\",\"name\":\"Seguro de Viagem - Juvigo - Juvigo Revista\",\"isPartOf\":{\"@id\":\"https:\/\/juvigo.pt\/revista\/#website\"},\"primaryImageOfPage\":{\"@id\":\"https:\/\/juvigo.pt\/revista\/seguros\/#primaryimage\"},\"image\":{\"@id\":\"https:\/\/juvigo.pt\/revista\/seguros\/#primaryimage\"},\"thumbnailUrl\":\"https:\/\/juvigo.pt\/revista\/wp-content\/uploads\/2024\/07\/camping-4303357_1920.jpg\",\"datePublished\":\"2024-07-04T09:11:01+00:00\",\"dateModified\":\"2024-07-04T09:11:36+00:00\",\"breadcrumb\":{\"@id\":\"https:\/\/juvigo.pt\/revista\/seguros\/#breadcrumb\"},\"inLanguage\":\"pt\",\"potentialAction\":[{\"@type\":\"ReadAction\",\"target\":[\"https:\/\/juvigo.pt\/revista\/seguros\/\"]}]},{\"@type\":\"ImageObject\",\"inLanguage\":\"pt\",\"@id\":\"https:\/\/juvigo.pt\/revista\/seguros\/#primaryimage\",\"url\":\"https:\/\/juvigo.pt\/revista\/wp-content\/uploads\/2024\/07\/camping-4303357_1920.jpg\",\"contentUrl\":\"https:\/\/juvigo.pt\/revista\/wp-content\/uploads\/2024\/07\/camping-4303357_1920.jpg\",\"width\":1920,\"height\":1080},{\"@type\":\"BreadcrumbList\",\"@id\":\"https:\/\/juvigo.pt\/revista\/seguros\/#breadcrumb\",\"itemListElement\":[{\"@type\":\"ListItem\",\"position\":1,\"name\":\"Juvigo Revista\",\"item\":\"https:\/\/juvigo.pt\/revista\/\"},{\"@type\":\"ListItem\",\"position\":2,\"name\":\"Seguro de Viagem &#8211; Juvigo\"}]},{\"@type\":\"WebSite\",\"@id\":\"https:\/\/juvigo.pt\/revista\/#website\",\"url\":\"https:\/\/juvigo.pt\/revista\/\",\"name\":\"Juvigo Revista\",\"description\":\"A revista Juvigo de Campos de f\u00e9rias, Col\u00f3nias de f\u00e9rias e Cursos de L\u00ednguas\",\"publisher\":{\"@id\":\"https:\/\/juvigo.pt\/revista\/#organization\"},\"potentialAction\":[{\"@type\":\"SearchAction\",\"target\":{\"@type\":\"EntryPoint\",\"urlTemplate\":\"https:\/\/juvigo.pt\/revista\/?s={search_term_string}\"},\"query-input\":{\"@type\":\"PropertyValueSpecification\",\"valueRequired\":true,\"valueName\":\"search_term_string\"}}],\"inLanguage\":\"pt\"},{\"@type\":\"Organization\",\"@id\":\"https:\/\/juvigo.pt\/revista\/#organization\",\"name\":\"Juvigo GmbH\",\"url\":\"https:\/\/juvigo.pt\/revista\/\",\"logo\":{\"@type\":\"ImageObject\",\"inLanguage\":\"pt\",\"@id\":\"https:\/\/juvigo.pt\/revista\/#\/schema\/logo\/image\/\",\"url\":\"https:\/\/juvigo.es\/revista\/wp-content\/uploads\/2022\/02\/magazine_logo_scaled.png\",\"contentUrl\":\"https:\/\/juvigo.es\/revista\/wp-content\/uploads\/2022\/02\/magazine_logo_scaled.png\",\"width\":240,\"height\":100,\"caption\":\"Juvigo GmbH\"},\"image\":{\"@id\":\"https:\/\/juvigo.pt\/revista\/#\/schema\/logo\/image\/\"},\"sameAs\":[\"https:\/\/de-de.facebook.com\/meinjuvigo\",\"https:\/\/x.com\/meinjuvigo\",\"http:\/\/instagram.com\/juvigo_de\/\"]}]}<\/script>\n<!-- \/ Yoast SEO plugin. -->","yoast_head_json":{"title":"Seguro de Viagem - Juvigo - Juvigo Revista","robots":{"index":"index","follow":"follow","max-snippet":"max-snippet:-1","max-image-preview":"max-image-preview:large","max-video-preview":"max-video-preview:-1"},"canonical":"https:\/\/juvigo.pt\/revista\/seguros\/","og_locale":"pt_PT","og_type":"article","og_title":"Seguro de Viagem - Juvigo - Juvigo Revista","og_description":"Juntamente com o nosso parceiro HanseMerkur, com mais de 140 anos de experi\u00eancia, oferecemos-lhe um seguro de excelente qualidade! Negoci\u00e1mos as melhores condi\u00e7\u00f5es para a tua viagem e podemos fazer-te uma oferta melhor que qualquer reserva numa outra seguradora. Seguro de cancelamento de viagem Em caso de cancelamento da reserva de viagem ou in\u00edcio atrasado [&hellip;]","og_url":"https:\/\/juvigo.pt\/revista\/seguros\/","og_site_name":"Juvigo Revista","article_publisher":"https:\/\/de-de.facebook.com\/meinjuvigo","article_modified_time":"2024-07-04T09:11:36+00:00","og_image":[{"width":1920,"height":1080,"url":"https:\/\/juvigo.pt\/revista\/wp-content\/uploads\/2024\/07\/camping-4303357_1920.jpg","type":"image\/jpeg"}],"twitter_card":"summary_large_image","twitter_site":"@meinjuvigo","twitter_misc":{"Tempo estimado de leitura":"4 minutos"},"schema":{"@context":"https:\/\/schema.org","@graph":[{"@type":"WebPage","@id":"https:\/\/juvigo.pt\/revista\/seguros\/","url":"https:\/\/juvigo.pt\/revista\/seguros\/","name":"Seguro de Viagem - Juvigo - Juvigo Revista","isPartOf":{"@id":"https:\/\/juvigo.pt\/revista\/#website"},"primaryImageOfPage":{"@id":"https:\/\/juvigo.pt\/revista\/seguros\/#primaryimage"},"image":{"@id":"https:\/\/juvigo.pt\/revista\/seguros\/#primaryimage"},"thumbnailUrl":"https:\/\/juvigo.pt\/revista\/wp-content\/uploads\/2024\/07\/camping-4303357_1920.jpg","datePublished":"2024-07-04T09:11:01+00:00","dateModified":"2024-07-04T09:11:36+00:00","breadcrumb":{"@id":"https:\/\/juvigo.pt\/revista\/seguros\/#breadcrumb"},"inLanguage":"pt","potentialAction":[{"@type":"ReadAction","target":["https:\/\/juvigo.pt\/revista\/seguros\/"]}]},{"@type":"ImageObject","inLanguage":"pt","@id":"https:\/\/juvigo.pt\/revista\/seguros\/#primaryimage","url":"https:\/\/juvigo.pt\/revista\/wp-content\/uploads\/2024\/07\/camping-4303357_1920.jpg","contentUrl":"https:\/\/juvigo.pt\/revista\/wp-content\/uploads\/2024\/07\/camping-4303357_1920.jpg","width":1920,"height":1080},{"@type":"BreadcrumbList","@id":"https:\/\/juvigo.pt\/revista\/seguros\/#breadcrumb","itemListElement":[{"@type":"ListItem","position":1,"name":"Juvigo Revista","item":"https:\/\/juvigo.pt\/revista\/"},{"@type":"ListItem","position":2,"name":"Seguro de Viagem &#8211; Juvigo"}]},{"@type":"WebSite","@id":"https:\/\/juvigo.pt\/revista\/#website","url":"https:\/\/juvigo.pt\/revista\/","name":"Juvigo Revista","description":"A revista Juvigo de Campos de f\u00e9rias, Col\u00f3nias de f\u00e9rias e Cursos de L\u00ednguas","publisher":{"@id":"https:\/\/juvigo.pt\/revista\/#organization"},"potentialAction":[{"@type":"SearchAction","target":{"@type":"EntryPoint","urlTemplate":"https:\/\/juvigo.pt\/revista\/?s={search_term_string}"},"query-input":{"@type":"PropertyValueSpecification","valueRequired":true,"valueName":"search_term_string"}}],"inLanguage":"pt"},{"@type":"Organization","@id":"https:\/\/juvigo.pt\/revista\/#organization","name":"Juvigo GmbH","url":"https:\/\/juvigo.pt\/revista\/","logo":{"@type":"ImageObject","inLanguage":"pt","@id":"https:\/\/juvigo.pt\/revista\/#\/schema\/logo\/image\/","url":"https:\/\/juvigo.es\/revista\/wp-content\/uploads\/2022\/02\/magazine_logo_scaled.png","contentUrl":"https:\/\/juvigo.es\/revista\/wp-content\/uploads\/2022\/02\/magazine_logo_scaled.png","width":240,"height":100,"caption":"Juvigo GmbH"},"image":{"@id":"https:\/\/juvigo.pt\/revista\/#\/schema\/logo\/image\/"},"sameAs":["https:\/\/de-de.facebook.com\/meinjuvigo","https:\/\/x.com\/meinjuvigo","http:\/\/instagram.com\/juvigo_de\/"]}]}},"wps_subtitle":"","coauthors":[],"author_meta":{"author_link":"https:\/\/juvigo.pt\/revista\/author\/max\/","display_name":"Max"},"relative_dates":{"created":"Posted 2 anos ago","modified":"Updated 2 anos ago"},"absolute_dates":{"created":"Posted on 04.07.2024","modified":"Updated on 04.07.2024"},"absolute_dates_time":{"created":"Posted on 04.07.2024 10:11","modified":"Updated on 04.07.2024 10:11"},"featured_img_caption":"","featured_img":"https:\/\/juvigo.pt\/revista\/wp-content\/uploads\/2024\/07\/camping-4303357_1920.jpg","series_order":"","_links":{"self":[{"href":"https:\/\/juvigo.pt\/revista\/wp-json\/wp\/v2\/pages\/8867","targetHints":{"allow":["GET"]}}],"collection":[{"href":"https:\/\/juvigo.pt\/revista\/wp-json\/wp\/v2\/pages"}],"about":[{"href":"https:\/\/juvigo.pt\/revista\/wp-json\/wp\/v2\/types\/page"}],"author":[{"embeddable":true,"href":"https:\/\/juvigo.pt\/revista\/wp-json\/wp\/v2\/users\/3"}],"replies":[{"embeddable":true,"href":"https:\/\/juvigo.pt\/revista\/wp-json\/wp\/v2\/comments?post=8867"}],"version-history":[{"count":2,"href":"https:\/\/juvigo.pt\/revista\/wp-json\/wp\/v2\/pages\/8867\/revisions"}],"predecessor-version":[{"id":8872,"href":"https:\/\/juvigo.pt\/revista\/wp-json\/wp\/v2\/pages\/8867\/revisions\/8872"}],"wp:featuredmedia":[{"embeddable":true,"href":"https:\/\/juvigo.pt\/revista\/wp-json\/wp\/v2\/media\/8816"}],"wp:attachment":[{"href":"https:\/\/juvigo.pt\/revista\/wp-json\/wp\/v2\/media?parent=8867"}],"wp:term":[{"taxonomy":"category","embeddable":true,"href":"https:\/\/juvigo.pt\/revista\/wp-json\/wp\/v2\/categories?post=8867"},{"taxonomy":"post_tag","embeddable":true,"href":"https:\/\/juvigo.pt\/revista\/wp-json\/wp\/v2\/tags?post=8867"}],"curies":[{"name":"wp","href":"https:\/\/api.w.org\/{rel}","templated":true}]}}