{"id":8854,"date":"2024-07-04T10:05:12","date_gmt":"2024-07-04T09:05:12","guid":{"rendered":"https:\/\/juvigo.pt\/revista\/?page_id=8854"},"modified":"2024-07-04T10:05:14","modified_gmt":"2024-07-04T09:05:14","slug":"garantia-de-preco","status":"publish","type":"page","link":"https:\/\/juvigo.pt\/revista\/garantia-de-preco\/","title":{"rendered":"Garantia de Pre\u00e7o Baixo"},"content":{"rendered":"\n<div class=\"wp-block-columns is-layout-flex wp-container-core-columns-is-layout-1 wp-block-columns-is-layout-flex\">\n<div class=\"wp-block-column is-layout-flow wp-block-column-is-layout-flow\" style=\"flex-basis:66.66%\">\n<h2 class=\"wp-block-heading\">O mais barato: O que \u00e9 a Garantia de Pre\u00e7o Baixo Juvigo?<\/h2>\n\n\n\n<p>Usa a nossa pr\u00e1tica ferramenta de pesquisa e encontra o teu campo de f\u00e9rias! N\u00f3s oferecemos os melhores campos de f\u00e9rias em termos de pre\u00e7o\/qualidade. Connosco reservas sempre o teu campo de f\u00e9rias ao pre\u00e7o mais baixo &#8211; em tempo real.<\/p>\n\n\n\n<p>Os pre\u00e7os justos e dignos s\u00e3o muito importantes para n\u00f3s. Encontraste um campo com os meus servi\u00e7os e com um pre\u00e7o mais baixo no momento da tua reserva? Informa-nos e iremos ajustar o pre\u00e7o especialmente para ti!<\/p>\n<\/div>\n\n\n\n<div class=\"wp-block-column is-layout-flow wp-block-column-is-layout-flow\" style=\"flex-basis:33.33%\"><div class=\"wp-block-image\">\n<figure class=\"aligncenter size-full\"><img decoding=\"async\" width=\"500\" height=\"500\" data-src=\"https:\/\/juvigo.pt\/revista\/wp-content\/uploads\/2024\/07\/image-2.png\" alt=\"\" class=\"wp-image-8855 lazyload\" title=\"Juvigo garante os melhores pre\u00e7os!\" data-srcset=\"https:\/\/juvigo.pt\/revista\/wp-content\/uploads\/2024\/07\/image-2.png 500w, https:\/\/juvigo.pt\/revista\/wp-content\/uploads\/2024\/07\/image-2-300x300.png 300w, https:\/\/juvigo.pt\/revista\/wp-content\/uploads\/2024\/07\/image-2-150x150.png 150w, https:\/\/juvigo.pt\/revista\/wp-content\/uploads\/2024\/07\/image-2-278x278.png 278w, https:\/\/juvigo.pt\/revista\/wp-content\/uploads\/2024\/07\/image-2-247x247.png 247w\" data-sizes=\"(max-width: 500px) 100vw, 500px\" src=\"data:image\/gif;base64,R0lGODlhAQABAAAAACH5BAEKAAEALAAAAAABAAEAAAICTAEAOw==\" style=\"--smush-placeholder-width: 500px; --smush-placeholder-aspect-ratio: 500\/500;\" \/><\/figure><\/div><\/div>\n<\/div>\n\n\n\n<div class=\"wp-block-columns is-layout-flex wp-container-core-columns-is-layout-2 wp-block-columns-is-layout-flex\">\n<div class=\"wp-block-column is-layout-flow wp-block-column-is-layout-flow\" style=\"flex-basis:66.66%\">\n<h2 class=\"wp-block-heading\">Como podes beneficiar da Garantia de Pre\u00e7o Baixo Juvigo?<\/h2>\n\n\n\n<p>Vamos reembolsar-te a diferen\u00e7a direta e descomplicadamente e ainda te oferecemos um desconto adicional de 15 Euros na tua reserva. S\u00f3 tens de nos enviar um Screenshot da oferta mais barata para o E-mail:&nbsp;<a href=\"mailto:reservas@juvigo.pt\">reservas@juvigo.pt<\/a><\/p>\n<\/div>\n\n\n\n<div class=\"wp-block-column is-layout-flow wp-block-column-is-layout-flow\" style=\"flex-basis:33.33%\"><div class=\"wp-block-image\">\n<figure class=\"aligncenter size-full\"><img decoding=\"async\" width=\"500\" height=\"500\" data-src=\"https:\/\/juvigo.pt\/revista\/wp-content\/uploads\/2024\/07\/image-3.png\" alt=\"\" class=\"wp-image-8856 lazyload\" title=\"Em Juvigo n\u00e3o h\u00e1 custos ocultos!\" data-srcset=\"https:\/\/juvigo.pt\/revista\/wp-content\/uploads\/2024\/07\/image-3.png 500w, https:\/\/juvigo.pt\/revista\/wp-content\/uploads\/2024\/07\/image-3-300x300.png 300w, https:\/\/juvigo.pt\/revista\/wp-content\/uploads\/2024\/07\/image-3-150x150.png 150w, https:\/\/juvigo.pt\/revista\/wp-content\/uploads\/2024\/07\/image-3-278x278.png 278w, https:\/\/juvigo.pt\/revista\/wp-content\/uploads\/2024\/07\/image-3-247x247.png 247w\" data-sizes=\"(max-width: 500px) 100vw, 500px\" src=\"data:image\/gif;base64,R0lGODlhAQABAAAAACH5BAEKAAEALAAAAAABAAEAAAICTAEAOw==\" style=\"--smush-placeholder-width: 500px; --smush-placeholder-aspect-ratio: 500\/500;\" \/><\/figure><\/div><\/div>\n<\/div>\n\n\n\n<div class=\"wp-block-columns is-layout-flex wp-container-core-columns-is-layout-3 wp-block-columns-is-layout-flex\">\n<div class=\"wp-block-column is-layout-flow wp-block-column-is-layout-flow\" style=\"flex-basis:66.66%\">\n<h2 class=\"wp-block-heading\">A nossa promessa: Transpar\u00eancia de Pre\u00e7o<\/h2>\n\n\n\n<p>Uma viagem connosco, nunca ser\u00e1 mais cara que com uma ag\u00eancia de viagens ou em qualquer outro local na Internet. Os nossos servi\u00e7os n\u00e3o t\u00eam qualquer custo para ti. N\u00e3o ter\u00e1s custos adicionais ou ocultos na tua reserva com a Juvigo &#8211; n\u00f3s garantimos!<\/p>\n<\/div>\n\n\n\n<div class=\"wp-block-column is-layout-flow wp-block-column-is-layout-flow\" style=\"flex-basis:33.33%\"><\/div>\n<\/div>\n","protected":false},"excerpt":{"rendered":"<p>O mais barato: O que \u00e9 a Garantia de Pre\u00e7o Baixo Juvigo? Usa a nossa pr\u00e1tica ferramenta de pesquisa e encontra o teu campo de f\u00e9rias! N\u00f3s oferecemos os melhores campos de f\u00e9rias em termos de pre\u00e7o\/qualidade. Connosco reservas sempre o teu campo de f\u00e9rias ao pre\u00e7o mais baixo &#8211; em tempo real. Os pre\u00e7os [&hellip;]<\/p>\n","protected":false},"author":3,"featured_media":8816,"parent":0,"menu_order":0,"comment_status":"closed","ping_status":"closed","template":"","meta":{"advgb_blocks_editor_width":"","advgb_blocks_columns_visual_guide":"","footnotes":"","_links_to":"","_links_to_target":""},"categories":[],"tags":[],"class_list":["post-8854","page","type-page","status-publish","has-post-thumbnail","hentry"],"yoast_head":"<!-- This site is optimized with the Yoast SEO plugin v24.8.1 - https:\/\/yoast.com\/wordpress\/plugins\/seo\/ -->\n<title>Garantia de Pre\u00e7o Baixo - Juvigo Revista<\/title>\n<meta name=\"robots\" content=\"index, follow, max-snippet:-1, max-image-preview:large, max-video-preview:-1\" \/>\n<link rel=\"canonical\" href=\"https:\/\/juvigo.pt\/revista\/garantia-de-preco\/\" \/>\n<meta property=\"og:locale\" content=\"pt_PT\" \/>\n<meta property=\"og:type\" content=\"article\" \/>\n<meta property=\"og:title\" content=\"Garantia de Pre\u00e7o Baixo - Juvigo Revista\" \/>\n<meta property=\"og:description\" content=\"O mais barato: O que \u00e9 a Garantia de Pre\u00e7o Baixo Juvigo? Usa a nossa pr\u00e1tica ferramenta de pesquisa e encontra o teu campo de f\u00e9rias! N\u00f3s oferecemos os melhores campos de f\u00e9rias em termos de pre\u00e7o\/qualidade. Connosco reservas sempre o teu campo de f\u00e9rias ao pre\u00e7o mais baixo &#8211; em tempo real. Os pre\u00e7os [&hellip;]\" \/>\n<meta property=\"og:url\" content=\"https:\/\/juvigo.pt\/revista\/garantia-de-preco\/\" \/>\n<meta property=\"og:site_name\" content=\"Juvigo Revista\" \/>\n<meta property=\"article:publisher\" content=\"https:\/\/de-de.facebook.com\/meinjuvigo\" \/>\n<meta property=\"article:modified_time\" content=\"2024-07-04T09:05:14+00:00\" \/>\n<meta property=\"og:image\" content=\"https:\/\/juvigo.pt\/revista\/wp-content\/uploads\/2024\/07\/camping-4303357_1920.jpg\" \/>\n\t<meta property=\"og:image:width\" content=\"1920\" \/>\n\t<meta property=\"og:image:height\" content=\"1080\" \/>\n\t<meta property=\"og:image:type\" content=\"image\/jpeg\" \/>\n<meta name=\"twitter:card\" content=\"summary_large_image\" \/>\n<meta name=\"twitter:site\" content=\"@meinjuvigo\" \/>\n<meta name=\"twitter:label1\" content=\"Tempo estimado de leitura\" \/>\n\t<meta name=\"twitter:data1\" content=\"2 minutos\" \/>\n<script type=\"application\/ld+json\" class=\"yoast-schema-graph\">{\"@context\":\"https:\/\/schema.org\",\"@graph\":[{\"@type\":\"WebPage\",\"@id\":\"https:\/\/juvigo.pt\/revista\/garantia-de-preco\/\",\"url\":\"https:\/\/juvigo.pt\/revista\/garantia-de-preco\/\",\"name\":\"Garantia de Pre\u00e7o Baixo - Juvigo Revista\",\"isPartOf\":{\"@id\":\"https:\/\/juvigo.pt\/revista\/#website\"},\"primaryImageOfPage\":{\"@id\":\"https:\/\/juvigo.pt\/revista\/garantia-de-preco\/#primaryimage\"},\"image\":{\"@id\":\"https:\/\/juvigo.pt\/revista\/garantia-de-preco\/#primaryimage\"},\"thumbnailUrl\":\"https:\/\/juvigo.pt\/revista\/wp-content\/uploads\/2024\/07\/camping-4303357_1920.jpg\",\"datePublished\":\"2024-07-04T09:05:12+00:00\",\"dateModified\":\"2024-07-04T09:05:14+00:00\",\"breadcrumb\":{\"@id\":\"https:\/\/juvigo.pt\/revista\/garantia-de-preco\/#breadcrumb\"},\"inLanguage\":\"pt\",\"potentialAction\":[{\"@type\":\"ReadAction\",\"target\":[\"https:\/\/juvigo.pt\/revista\/garantia-de-preco\/\"]}]},{\"@type\":\"ImageObject\",\"inLanguage\":\"pt\",\"@id\":\"https:\/\/juvigo.pt\/revista\/garantia-de-preco\/#primaryimage\",\"url\":\"https:\/\/juvigo.pt\/revista\/wp-content\/uploads\/2024\/07\/camping-4303357_1920.jpg\",\"contentUrl\":\"https:\/\/juvigo.pt\/revista\/wp-content\/uploads\/2024\/07\/camping-4303357_1920.jpg\",\"width\":1920,\"height\":1080},{\"@type\":\"BreadcrumbList\",\"@id\":\"https:\/\/juvigo.pt\/revista\/garantia-de-preco\/#breadcrumb\",\"itemListElement\":[{\"@type\":\"ListItem\",\"position\":1,\"name\":\"Juvigo Revista\",\"item\":\"https:\/\/juvigo.pt\/revista\/\"},{\"@type\":\"ListItem\",\"position\":2,\"name\":\"Garantia de Pre\u00e7o Baixo\"}]},{\"@type\":\"WebSite\",\"@id\":\"https:\/\/juvigo.pt\/revista\/#website\",\"url\":\"https:\/\/juvigo.pt\/revista\/\",\"name\":\"Juvigo Revista\",\"description\":\"A revista Juvigo de Campos de f\u00e9rias, Col\u00f3nias de f\u00e9rias e Cursos de L\u00ednguas\",\"publisher\":{\"@id\":\"https:\/\/juvigo.pt\/revista\/#organization\"},\"potentialAction\":[{\"@type\":\"SearchAction\",\"target\":{\"@type\":\"EntryPoint\",\"urlTemplate\":\"https:\/\/juvigo.pt\/revista\/?s={search_term_string}\"},\"query-input\":{\"@type\":\"PropertyValueSpecification\",\"valueRequired\":true,\"valueName\":\"search_term_string\"}}],\"inLanguage\":\"pt\"},{\"@type\":\"Organization\",\"@id\":\"https:\/\/juvigo.pt\/revista\/#organization\",\"name\":\"Juvigo GmbH\",\"url\":\"https:\/\/juvigo.pt\/revista\/\",\"logo\":{\"@type\":\"ImageObject\",\"inLanguage\":\"pt\",\"@id\":\"https:\/\/juvigo.pt\/revista\/#\/schema\/logo\/image\/\",\"url\":\"https:\/\/juvigo.es\/revista\/wp-content\/uploads\/2022\/02\/magazine_logo_scaled.png\",\"contentUrl\":\"https:\/\/juvigo.es\/revista\/wp-content\/uploads\/2022\/02\/magazine_logo_scaled.png\",\"width\":240,\"height\":100,\"caption\":\"Juvigo GmbH\"},\"image\":{\"@id\":\"https:\/\/juvigo.pt\/revista\/#\/schema\/logo\/image\/\"},\"sameAs\":[\"https:\/\/de-de.facebook.com\/meinjuvigo\",\"https:\/\/x.com\/meinjuvigo\",\"http:\/\/instagram.com\/juvigo_de\/\"]}]}<\/script>\n<!-- \/ Yoast SEO plugin. -->","yoast_head_json":{"title":"Garantia de Pre\u00e7o Baixo - Juvigo Revista","robots":{"index":"index","follow":"follow","max-snippet":"max-snippet:-1","max-image-preview":"max-image-preview:large","max-video-preview":"max-video-preview:-1"},"canonical":"https:\/\/juvigo.pt\/revista\/garantia-de-preco\/","og_locale":"pt_PT","og_type":"article","og_title":"Garantia de Pre\u00e7o Baixo - Juvigo Revista","og_description":"O mais barato: O que \u00e9 a Garantia de Pre\u00e7o Baixo Juvigo? Usa a nossa pr\u00e1tica ferramenta de pesquisa e encontra o teu campo de f\u00e9rias! N\u00f3s oferecemos os melhores campos de f\u00e9rias em termos de pre\u00e7o\/qualidade. Connosco reservas sempre o teu campo de f\u00e9rias ao pre\u00e7o mais baixo &#8211; em tempo real. Os pre\u00e7os [&hellip;]","og_url":"https:\/\/juvigo.pt\/revista\/garantia-de-preco\/","og_site_name":"Juvigo Revista","article_publisher":"https:\/\/de-de.facebook.com\/meinjuvigo","article_modified_time":"2024-07-04T09:05:14+00:00","og_image":[{"width":1920,"height":1080,"url":"https:\/\/juvigo.pt\/revista\/wp-content\/uploads\/2024\/07\/camping-4303357_1920.jpg","type":"image\/jpeg"}],"twitter_card":"summary_large_image","twitter_site":"@meinjuvigo","twitter_misc":{"Tempo estimado de leitura":"2 minutos"},"schema":{"@context":"https:\/\/schema.org","@graph":[{"@type":"WebPage","@id":"https:\/\/juvigo.pt\/revista\/garantia-de-preco\/","url":"https:\/\/juvigo.pt\/revista\/garantia-de-preco\/","name":"Garantia de Pre\u00e7o Baixo - Juvigo Revista","isPartOf":{"@id":"https:\/\/juvigo.pt\/revista\/#website"},"primaryImageOfPage":{"@id":"https:\/\/juvigo.pt\/revista\/garantia-de-preco\/#primaryimage"},"image":{"@id":"https:\/\/juvigo.pt\/revista\/garantia-de-preco\/#primaryimage"},"thumbnailUrl":"https:\/\/juvigo.pt\/revista\/wp-content\/uploads\/2024\/07\/camping-4303357_1920.jpg","datePublished":"2024-07-04T09:05:12+00:00","dateModified":"2024-07-04T09:05:14+00:00","breadcrumb":{"@id":"https:\/\/juvigo.pt\/revista\/garantia-de-preco\/#breadcrumb"},"inLanguage":"pt","potentialAction":[{"@type":"ReadAction","target":["https:\/\/juvigo.pt\/revista\/garantia-de-preco\/"]}]},{"@type":"ImageObject","inLanguage":"pt","@id":"https:\/\/juvigo.pt\/revista\/garantia-de-preco\/#primaryimage","url":"https:\/\/juvigo.pt\/revista\/wp-content\/uploads\/2024\/07\/camping-4303357_1920.jpg","contentUrl":"https:\/\/juvigo.pt\/revista\/wp-content\/uploads\/2024\/07\/camping-4303357_1920.jpg","width":1920,"height":1080},{"@type":"BreadcrumbList","@id":"https:\/\/juvigo.pt\/revista\/garantia-de-preco\/#breadcrumb","itemListElement":[{"@type":"ListItem","position":1,"name":"Juvigo Revista","item":"https:\/\/juvigo.pt\/revista\/"},{"@type":"ListItem","position":2,"name":"Garantia de Pre\u00e7o Baixo"}]},{"@type":"WebSite","@id":"https:\/\/juvigo.pt\/revista\/#website","url":"https:\/\/juvigo.pt\/revista\/","name":"Juvigo Revista","description":"A revista Juvigo de Campos de f\u00e9rias, Col\u00f3nias de f\u00e9rias e Cursos de L\u00ednguas","publisher":{"@id":"https:\/\/juvigo.pt\/revista\/#organization"},"potentialAction":[{"@type":"SearchAction","target":{"@type":"EntryPoint","urlTemplate":"https:\/\/juvigo.pt\/revista\/?s={search_term_string}"},"query-input":{"@type":"PropertyValueSpecification","valueRequired":true,"valueName":"search_term_string"}}],"inLanguage":"pt"},{"@type":"Organization","@id":"https:\/\/juvigo.pt\/revista\/#organization","name":"Juvigo GmbH","url":"https:\/\/juvigo.pt\/revista\/","logo":{"@type":"ImageObject","inLanguage":"pt","@id":"https:\/\/juvigo.pt\/revista\/#\/schema\/logo\/image\/","url":"https:\/\/juvigo.es\/revista\/wp-content\/uploads\/2022\/02\/magazine_logo_scaled.png","contentUrl":"https:\/\/juvigo.es\/revista\/wp-content\/uploads\/2022\/02\/magazine_logo_scaled.png","width":240,"height":100,"caption":"Juvigo GmbH"},"image":{"@id":"https:\/\/juvigo.pt\/revista\/#\/schema\/logo\/image\/"},"sameAs":["https:\/\/de-de.facebook.com\/meinjuvigo","https:\/\/x.com\/meinjuvigo","http:\/\/instagram.com\/juvigo_de\/"]}]}},"wps_subtitle":"","coauthors":[],"author_meta":{"author_link":"https:\/\/juvigo.pt\/revista\/author\/max\/","display_name":"Max"},"relative_dates":{"created":"Posted 2 anos ago","modified":"Updated 2 anos ago"},"absolute_dates":{"created":"Posted on 04.07.2024","modified":"Updated on 04.07.2024"},"absolute_dates_time":{"created":"Posted on 04.07.2024 10:05","modified":"Updated on 04.07.2024 10:05"},"featured_img_caption":"","featured_img":"https:\/\/juvigo.pt\/revista\/wp-content\/uploads\/2024\/07\/camping-4303357_1920.jpg","series_order":"","_links":{"self":[{"href":"https:\/\/juvigo.pt\/revista\/wp-json\/wp\/v2\/pages\/8854","targetHints":{"allow":["GET"]}}],"collection":[{"href":"https:\/\/juvigo.pt\/revista\/wp-json\/wp\/v2\/pages"}],"about":[{"href":"https:\/\/juvigo.pt\/revista\/wp-json\/wp\/v2\/types\/page"}],"author":[{"embeddable":true,"href":"https:\/\/juvigo.pt\/revista\/wp-json\/wp\/v2\/users\/3"}],"replies":[{"embeddable":true,"href":"https:\/\/juvigo.pt\/revista\/wp-json\/wp\/v2\/comments?post=8854"}],"version-history":[{"count":1,"href":"https:\/\/juvigo.pt\/revista\/wp-json\/wp\/v2\/pages\/8854\/revisions"}],"predecessor-version":[{"id":8858,"href":"https:\/\/juvigo.pt\/revista\/wp-json\/wp\/v2\/pages\/8854\/revisions\/8858"}],"wp:featuredmedia":[{"embeddable":true,"href":"https:\/\/juvigo.pt\/revista\/wp-json\/wp\/v2\/media\/8816"}],"wp:attachment":[{"href":"https:\/\/juvigo.pt\/revista\/wp-json\/wp\/v2\/media?parent=8854"}],"wp:term":[{"taxonomy":"category","embeddable":true,"href":"https:\/\/juvigo.pt\/revista\/wp-json\/wp\/v2\/categories?post=8854"},{"taxonomy":"post_tag","embeddable":true,"href":"https:\/\/juvigo.pt\/revista\/wp-json\/wp\/v2\/tags?post=8854"}],"curies":[{"name":"wp","href":"https:\/\/api.w.org\/{rel}","templated":true}]}}