{"id":8849,"date":"2024-07-04T10:01:50","date_gmt":"2024-07-04T09:01:50","guid":{"rendered":"https:\/\/juvigo.pt\/revista\/?page_id=8849"},"modified":"2024-07-04T10:01:52","modified_gmt":"2024-07-04T09:01:52","slug":"trabalha-como-monitor","status":"publish","type":"page","link":"https:\/\/juvigo.pt\/revista\/trabalha-como-monitor\/","title":{"rendered":"Trabalha como monitor"},"content":{"rendered":"\n<p>Gostarias de estar nos bastidores de um campo de f\u00e9rias ou viagem lingu\u00edstica e trabalhar como monitor ou coordenador? H\u00e1 muitas oportunidades.<\/p>\n\n\n\n<p>A Juvigo \u00e9 uma ag\u00eancia independente de campos de f\u00e9rias, como tal n\u00e3o organiza os seus pr\u00f3prios campos de f\u00e9rias.<\/p>\n\n\n\n<p>Se est\u00e1s interessado em acompanhar as crian\u00e7as e jovens durante as f\u00e9rias, envia um e-mail para&nbsp;<a href=\"mailto:contacto@juvigo.pt\">contacto@juvigo.pt<\/a>. Idealmente, deves dizer-nos em que campo de f\u00e9rias est\u00e1s interessado, qual a regi\u00e3o para onde gostavas de ir ou de onde vens. Iremos encaminhar a tua candidatura para o campo de f\u00e9rias que for mais adequado.<\/p>\n\n\n\n<p>Tamb\u00e9m te podes candidatar diretamente nos Campos de f\u00e9rias &#8211; na nossa p\u00e1gina de Parceiros encontrar\u00e1s uma vis\u00e3o geral de todos os organizadores com quem trabalhamos.<\/p>\n\n\n\n<h2 class=\"wp-block-heading\">Explora Oportunidades de Est\u00e1gio na Juvigo:<\/h2>\n\n\n\n<p>Para al\u00e9m de conectar monitores com organizadores de campos de f\u00e9rias, a Juvigo tamb\u00e9m oferece oportunidades \u00fanicas de est\u00e1gio para te juntares \u00e0 nossa equipa em Berlim. Se est\u00e1s \u00e0 procura de uma experi\u00eancia internacional e de ganhar experi\u00eancia profissional, vem descobrir toda a magia por tr\u00e1s do que acontece na ind\u00fastria dos campos de f\u00e9rias.<\/p>\n\n\n\n<p>Este est\u00e1gio oferece uma experi\u00eancia incr\u00edvel no cora\u00e7\u00e3o da ind\u00fastria dos campos de f\u00e9rias e cursos de l\u00ednguas, onde poder\u00e1s ganhar conhecimentos abrangentes sobre a gest\u00e3o e opera\u00e7\u00e3o de uma empresa l\u00edder no setor. Se a possibilidade de trabalhar numa cidade vibrante e multicultural como Berlim, ao lado de uma equipa apaixonada e inovadora, \u00e9 aliciante, n\u00e3o hesites em demonstrar o teu interesse. Atrav\u00e9s desta p\u00e1gina (<a href=\"https:\/\/juvigo.careers\/\">Juvigo.careers<\/a>), podes consultar mais detalhes sobre as possibilidades de est\u00e1gio e concorrer. Vem fazer parte da nossa miss\u00e3o de enriquecer vidas atrav\u00e9s de experi\u00eancias de f\u00e9rias inesquec\u00edveis para crian\u00e7as e jovens.<\/p>\n","protected":false},"excerpt":{"rendered":"<p>Gostarias de estar nos bastidores de um campo de f\u00e9rias ou viagem lingu\u00edstica e trabalhar como monitor ou coordenador? H\u00e1 muitas oportunidades. A Juvigo \u00e9 uma ag\u00eancia independente de campos de f\u00e9rias, como tal n\u00e3o organiza os seus pr\u00f3prios campos de f\u00e9rias. Se est\u00e1s interessado em acompanhar as crian\u00e7as e jovens durante as f\u00e9rias, envia [&hellip;]<\/p>\n","protected":false},"author":3,"featured_media":8816,"parent":0,"menu_order":0,"comment_status":"closed","ping_status":"closed","template":"","meta":{"advgb_blocks_editor_width":"","advgb_blocks_columns_visual_guide":"","footnotes":"","_links_to":"","_links_to_target":""},"categories":[],"tags":[],"class_list":["post-8849","page","type-page","status-publish","has-post-thumbnail","hentry"],"yoast_head":"<!-- This site is optimized with the Yoast SEO plugin v24.8.1 - https:\/\/yoast.com\/wordpress\/plugins\/seo\/ -->\n<title>Trabalha como monitor - Juvigo Revista<\/title>\n<meta name=\"robots\" content=\"index, follow, max-snippet:-1, max-image-preview:large, max-video-preview:-1\" \/>\n<link rel=\"canonical\" href=\"https:\/\/juvigo.pt\/revista\/trabalha-como-monitor\/\" \/>\n<meta property=\"og:locale\" content=\"pt_PT\" \/>\n<meta property=\"og:type\" content=\"article\" \/>\n<meta property=\"og:title\" content=\"Trabalha como monitor - Juvigo Revista\" \/>\n<meta property=\"og:description\" content=\"Gostarias de estar nos bastidores de um campo de f\u00e9rias ou viagem lingu\u00edstica e trabalhar como monitor ou coordenador? H\u00e1 muitas oportunidades. A Juvigo \u00e9 uma ag\u00eancia independente de campos de f\u00e9rias, como tal n\u00e3o organiza os seus pr\u00f3prios campos de f\u00e9rias. Se est\u00e1s interessado em acompanhar as crian\u00e7as e jovens durante as f\u00e9rias, envia [&hellip;]\" \/>\n<meta property=\"og:url\" content=\"https:\/\/juvigo.pt\/revista\/trabalha-como-monitor\/\" \/>\n<meta property=\"og:site_name\" content=\"Juvigo Revista\" \/>\n<meta property=\"article:publisher\" content=\"https:\/\/de-de.facebook.com\/meinjuvigo\" \/>\n<meta property=\"article:modified_time\" content=\"2024-07-04T09:01:52+00:00\" \/>\n<meta property=\"og:image\" content=\"https:\/\/juvigo.pt\/revista\/wp-content\/uploads\/2024\/07\/camping-4303357_1920.jpg\" \/>\n\t<meta property=\"og:image:width\" content=\"1920\" \/>\n\t<meta property=\"og:image:height\" content=\"1080\" \/>\n\t<meta property=\"og:image:type\" content=\"image\/jpeg\" \/>\n<meta name=\"twitter:card\" content=\"summary_large_image\" \/>\n<meta name=\"twitter:site\" content=\"@meinjuvigo\" \/>\n<meta name=\"twitter:label1\" content=\"Tempo estimado de leitura\" \/>\n\t<meta name=\"twitter:data1\" content=\"2 minutos\" \/>\n<script type=\"application\/ld+json\" class=\"yoast-schema-graph\">{\"@context\":\"https:\/\/schema.org\",\"@graph\":[{\"@type\":\"WebPage\",\"@id\":\"https:\/\/juvigo.pt\/revista\/trabalha-como-monitor\/\",\"url\":\"https:\/\/juvigo.pt\/revista\/trabalha-como-monitor\/\",\"name\":\"Trabalha como monitor - Juvigo Revista\",\"isPartOf\":{\"@id\":\"https:\/\/juvigo.pt\/revista\/#website\"},\"primaryImageOfPage\":{\"@id\":\"https:\/\/juvigo.pt\/revista\/trabalha-como-monitor\/#primaryimage\"},\"image\":{\"@id\":\"https:\/\/juvigo.pt\/revista\/trabalha-como-monitor\/#primaryimage\"},\"thumbnailUrl\":\"https:\/\/juvigo.pt\/revista\/wp-content\/uploads\/2024\/07\/camping-4303357_1920.jpg\",\"datePublished\":\"2024-07-04T09:01:50+00:00\",\"dateModified\":\"2024-07-04T09:01:52+00:00\",\"breadcrumb\":{\"@id\":\"https:\/\/juvigo.pt\/revista\/trabalha-como-monitor\/#breadcrumb\"},\"inLanguage\":\"pt\",\"potentialAction\":[{\"@type\":\"ReadAction\",\"target\":[\"https:\/\/juvigo.pt\/revista\/trabalha-como-monitor\/\"]}]},{\"@type\":\"ImageObject\",\"inLanguage\":\"pt\",\"@id\":\"https:\/\/juvigo.pt\/revista\/trabalha-como-monitor\/#primaryimage\",\"url\":\"https:\/\/juvigo.pt\/revista\/wp-content\/uploads\/2024\/07\/camping-4303357_1920.jpg\",\"contentUrl\":\"https:\/\/juvigo.pt\/revista\/wp-content\/uploads\/2024\/07\/camping-4303357_1920.jpg\",\"width\":1920,\"height\":1080},{\"@type\":\"BreadcrumbList\",\"@id\":\"https:\/\/juvigo.pt\/revista\/trabalha-como-monitor\/#breadcrumb\",\"itemListElement\":[{\"@type\":\"ListItem\",\"position\":1,\"name\":\"Juvigo Revista\",\"item\":\"https:\/\/juvigo.pt\/revista\/\"},{\"@type\":\"ListItem\",\"position\":2,\"name\":\"Trabalha como monitor\"}]},{\"@type\":\"WebSite\",\"@id\":\"https:\/\/juvigo.pt\/revista\/#website\",\"url\":\"https:\/\/juvigo.pt\/revista\/\",\"name\":\"Juvigo Revista\",\"description\":\"A revista Juvigo de Campos de f\u00e9rias, Col\u00f3nias de f\u00e9rias e Cursos de L\u00ednguas\",\"publisher\":{\"@id\":\"https:\/\/juvigo.pt\/revista\/#organization\"},\"potentialAction\":[{\"@type\":\"SearchAction\",\"target\":{\"@type\":\"EntryPoint\",\"urlTemplate\":\"https:\/\/juvigo.pt\/revista\/?s={search_term_string}\"},\"query-input\":{\"@type\":\"PropertyValueSpecification\",\"valueRequired\":true,\"valueName\":\"search_term_string\"}}],\"inLanguage\":\"pt\"},{\"@type\":\"Organization\",\"@id\":\"https:\/\/juvigo.pt\/revista\/#organization\",\"name\":\"Juvigo GmbH\",\"url\":\"https:\/\/juvigo.pt\/revista\/\",\"logo\":{\"@type\":\"ImageObject\",\"inLanguage\":\"pt\",\"@id\":\"https:\/\/juvigo.pt\/revista\/#\/schema\/logo\/image\/\",\"url\":\"https:\/\/juvigo.es\/revista\/wp-content\/uploads\/2022\/02\/magazine_logo_scaled.png\",\"contentUrl\":\"https:\/\/juvigo.es\/revista\/wp-content\/uploads\/2022\/02\/magazine_logo_scaled.png\",\"width\":240,\"height\":100,\"caption\":\"Juvigo GmbH\"},\"image\":{\"@id\":\"https:\/\/juvigo.pt\/revista\/#\/schema\/logo\/image\/\"},\"sameAs\":[\"https:\/\/de-de.facebook.com\/meinjuvigo\",\"https:\/\/x.com\/meinjuvigo\",\"http:\/\/instagram.com\/juvigo_de\/\"]}]}<\/script>\n<!-- \/ Yoast SEO plugin. -->","yoast_head_json":{"title":"Trabalha como monitor - Juvigo Revista","robots":{"index":"index","follow":"follow","max-snippet":"max-snippet:-1","max-image-preview":"max-image-preview:large","max-video-preview":"max-video-preview:-1"},"canonical":"https:\/\/juvigo.pt\/revista\/trabalha-como-monitor\/","og_locale":"pt_PT","og_type":"article","og_title":"Trabalha como monitor - Juvigo Revista","og_description":"Gostarias de estar nos bastidores de um campo de f\u00e9rias ou viagem lingu\u00edstica e trabalhar como monitor ou coordenador? H\u00e1 muitas oportunidades. A Juvigo \u00e9 uma ag\u00eancia independente de campos de f\u00e9rias, como tal n\u00e3o organiza os seus pr\u00f3prios campos de f\u00e9rias. Se est\u00e1s interessado em acompanhar as crian\u00e7as e jovens durante as f\u00e9rias, envia [&hellip;]","og_url":"https:\/\/juvigo.pt\/revista\/trabalha-como-monitor\/","og_site_name":"Juvigo Revista","article_publisher":"https:\/\/de-de.facebook.com\/meinjuvigo","article_modified_time":"2024-07-04T09:01:52+00:00","og_image":[{"width":1920,"height":1080,"url":"https:\/\/juvigo.pt\/revista\/wp-content\/uploads\/2024\/07\/camping-4303357_1920.jpg","type":"image\/jpeg"}],"twitter_card":"summary_large_image","twitter_site":"@meinjuvigo","twitter_misc":{"Tempo estimado de leitura":"2 minutos"},"schema":{"@context":"https:\/\/schema.org","@graph":[{"@type":"WebPage","@id":"https:\/\/juvigo.pt\/revista\/trabalha-como-monitor\/","url":"https:\/\/juvigo.pt\/revista\/trabalha-como-monitor\/","name":"Trabalha como monitor - Juvigo Revista","isPartOf":{"@id":"https:\/\/juvigo.pt\/revista\/#website"},"primaryImageOfPage":{"@id":"https:\/\/juvigo.pt\/revista\/trabalha-como-monitor\/#primaryimage"},"image":{"@id":"https:\/\/juvigo.pt\/revista\/trabalha-como-monitor\/#primaryimage"},"thumbnailUrl":"https:\/\/juvigo.pt\/revista\/wp-content\/uploads\/2024\/07\/camping-4303357_1920.jpg","datePublished":"2024-07-04T09:01:50+00:00","dateModified":"2024-07-04T09:01:52+00:00","breadcrumb":{"@id":"https:\/\/juvigo.pt\/revista\/trabalha-como-monitor\/#breadcrumb"},"inLanguage":"pt","potentialAction":[{"@type":"ReadAction","target":["https:\/\/juvigo.pt\/revista\/trabalha-como-monitor\/"]}]},{"@type":"ImageObject","inLanguage":"pt","@id":"https:\/\/juvigo.pt\/revista\/trabalha-como-monitor\/#primaryimage","url":"https:\/\/juvigo.pt\/revista\/wp-content\/uploads\/2024\/07\/camping-4303357_1920.jpg","contentUrl":"https:\/\/juvigo.pt\/revista\/wp-content\/uploads\/2024\/07\/camping-4303357_1920.jpg","width":1920,"height":1080},{"@type":"BreadcrumbList","@id":"https:\/\/juvigo.pt\/revista\/trabalha-como-monitor\/#breadcrumb","itemListElement":[{"@type":"ListItem","position":1,"name":"Juvigo Revista","item":"https:\/\/juvigo.pt\/revista\/"},{"@type":"ListItem","position":2,"name":"Trabalha como monitor"}]},{"@type":"WebSite","@id":"https:\/\/juvigo.pt\/revista\/#website","url":"https:\/\/juvigo.pt\/revista\/","name":"Juvigo Revista","description":"A revista Juvigo de Campos de f\u00e9rias, Col\u00f3nias de f\u00e9rias e Cursos de L\u00ednguas","publisher":{"@id":"https:\/\/juvigo.pt\/revista\/#organization"},"potentialAction":[{"@type":"SearchAction","target":{"@type":"EntryPoint","urlTemplate":"https:\/\/juvigo.pt\/revista\/?s={search_term_string}"},"query-input":{"@type":"PropertyValueSpecification","valueRequired":true,"valueName":"search_term_string"}}],"inLanguage":"pt"},{"@type":"Organization","@id":"https:\/\/juvigo.pt\/revista\/#organization","name":"Juvigo GmbH","url":"https:\/\/juvigo.pt\/revista\/","logo":{"@type":"ImageObject","inLanguage":"pt","@id":"https:\/\/juvigo.pt\/revista\/#\/schema\/logo\/image\/","url":"https:\/\/juvigo.es\/revista\/wp-content\/uploads\/2022\/02\/magazine_logo_scaled.png","contentUrl":"https:\/\/juvigo.es\/revista\/wp-content\/uploads\/2022\/02\/magazine_logo_scaled.png","width":240,"height":100,"caption":"Juvigo GmbH"},"image":{"@id":"https:\/\/juvigo.pt\/revista\/#\/schema\/logo\/image\/"},"sameAs":["https:\/\/de-de.facebook.com\/meinjuvigo","https:\/\/x.com\/meinjuvigo","http:\/\/instagram.com\/juvigo_de\/"]}]}},"wps_subtitle":"","coauthors":[],"author_meta":{"author_link":"https:\/\/juvigo.pt\/revista\/author\/max\/","display_name":"Max"},"relative_dates":{"created":"Posted 2 anos ago","modified":"Updated 2 anos ago"},"absolute_dates":{"created":"Posted on 04.07.2024","modified":"Updated on 04.07.2024"},"absolute_dates_time":{"created":"Posted on 04.07.2024 10:01","modified":"Updated on 04.07.2024 10:01"},"featured_img_caption":"","featured_img":"https:\/\/juvigo.pt\/revista\/wp-content\/uploads\/2024\/07\/camping-4303357_1920.jpg","series_order":"","_links":{"self":[{"href":"https:\/\/juvigo.pt\/revista\/wp-json\/wp\/v2\/pages\/8849","targetHints":{"allow":["GET"]}}],"collection":[{"href":"https:\/\/juvigo.pt\/revista\/wp-json\/wp\/v2\/pages"}],"about":[{"href":"https:\/\/juvigo.pt\/revista\/wp-json\/wp\/v2\/types\/page"}],"author":[{"embeddable":true,"href":"https:\/\/juvigo.pt\/revista\/wp-json\/wp\/v2\/users\/3"}],"replies":[{"embeddable":true,"href":"https:\/\/juvigo.pt\/revista\/wp-json\/wp\/v2\/comments?post=8849"}],"version-history":[{"count":1,"href":"https:\/\/juvigo.pt\/revista\/wp-json\/wp\/v2\/pages\/8849\/revisions"}],"predecessor-version":[{"id":8852,"href":"https:\/\/juvigo.pt\/revista\/wp-json\/wp\/v2\/pages\/8849\/revisions\/8852"}],"wp:featuredmedia":[{"embeddable":true,"href":"https:\/\/juvigo.pt\/revista\/wp-json\/wp\/v2\/media\/8816"}],"wp:attachment":[{"href":"https:\/\/juvigo.pt\/revista\/wp-json\/wp\/v2\/media?parent=8849"}],"wp:term":[{"taxonomy":"category","embeddable":true,"href":"https:\/\/juvigo.pt\/revista\/wp-json\/wp\/v2\/categories?post=8849"},{"taxonomy":"post_tag","embeddable":true,"href":"https:\/\/juvigo.pt\/revista\/wp-json\/wp\/v2\/tags?post=8849"}],"curies":[{"name":"wp","href":"https:\/\/api.w.org\/{rel}","templated":true}]}}