{"id":8218,"date":"2022-08-26T13:47:55","date_gmt":"2022-08-26T12:47:55","guid":{"rendered":"https:\/\/juvigo.pt\/revista\/?page_id=8218"},"modified":"2023-07-24T13:09:09","modified_gmt":"2023-07-24T12:09:09","slug":"contacto-de-imprensa","status":"publish","type":"page","link":"https:\/\/juvigo.pt\/revista\/contacto-de-imprensa\/","title":{"rendered":"Contacto de Imprensa"},"content":{"rendered":"\n<div class=\"wp-block-columns is-layout-flex wp-container-core-columns-is-layout-1 wp-block-columns-is-layout-flex\">\n<div class=\"wp-block-column is-layout-flow wp-block-column-is-layout-flow\">\n<figure class=\"wp-block-image size-full is-style-rounded\"><img decoding=\"async\" width=\"1122\" height=\"1020\" data-src=\"https:\/\/juvigo.pt\/revista\/wp-content\/uploads\/2023\/07\/Alexandra-1.jpeg\" alt=\"\" class=\"wp-image-8655 lazyload\" src=\"data:image\/gif;base64,R0lGODlhAQABAAAAACH5BAEKAAEALAAAAAABAAEAAAICTAEAOw==\" style=\"--smush-placeholder-width: 1122px; --smush-placeholder-aspect-ratio: 1122\/1020;\" \/><\/figure>\n<\/div>\n\n\n\n<div class=\"wp-block-column is-layout-flow wp-block-column-is-layout-flow\" style=\"flex-basis:500px\">\n<p>A Alexandra \u00e9 a respons\u00e1vel criativa da Revista Digital. Tudo o que est\u00e1 relacionado com Comunica\u00e7\u00e3o, Rela\u00e7\u00f5es P\u00fablicas e Imprensa da Juvigo Portugal \u00e9 da sua inteira responsabilidade. Com uma paix\u00e3o por estas \u00e1reas mas sem muita experi\u00eancia embarcou neste desafio e j\u00e1 aprendeu muito com ele.<\/p>\n\n\n\n<p>Quando era mais nova participou em v\u00e1rios campos de f\u00e9rias na P\u00e1scoa e no Ver\u00e3o. Passando tamb\u00e9m por ajudante e monitora de campos de f\u00e9rias. A Alexandra \u00e9 apaixonada por crian\u00e7as e por viajar. Viu, assim, na Juvigo uma oportunidade para poder ajudar fam\u00edlias a decidir as melhores f\u00e9rias para os mais novos.<\/p>\n\n\n\n<p>Se tiveres alguma pergunta ou estiveres interessado numa entrevista, n\u00e3o esperes mais e entra em contacto com a Alexandra Carapinha, estar\u00e1 ansiosa para te ajudar!<\/p>\n\n\n\n<p>Podes contact\u00e1-la atrav\u00e9s do e-mail <a href=\"mailto:alexandra@juvigo.pt\">alexandra@juvigo.pt<\/a> ou telefonando para <mark style=\"background-color:rgba(0, 0, 0, 0)\" class=\"has-inline-color has-trawell-acc-color\">210 204 945<\/mark>.<\/p>\n<\/div>\n<\/div>\n\n\n\n<hr class=\"wp-block-separator has-alpha-channel-opacity\"\/>\n\n\n\n<h3 class=\"wp-block-heading has-huge-font-size\">Media Kit<\/h3>\n\n\n\n<p>Aqui podes descarregar o Media kit da Juvigo, que inclui toda a informa\u00e7\u00e3o importante sobre a empresa, bem como uma galeria de imagens relacionadas e a identidade visual da empresa.<\/p>\n\n\n\n<div class=\"wp-block-advgb-button alignnone is-style-outlined\"><a class=\"wp-block-advgb-button_link advgbbtn-8056e1ef-85c6-4ac5-9a8e-57b6a0892592\" href=\"https:\/\/juvigo.pt\/revista\/Kit_Media_Portugal_Juvigo.zip\" target=\"_blank\" rel=\"noopener noreferrer\"><span><strong>Descarregar Media Kit da Juvigo<\/strong><\/span><\/a><\/div>\n<style class=\"advgb-styles-renderer\">.advgbbtn-8056e1ef-85c6-4ac5-9a8e-57b6a0892592{font-size:15px;color:#f99420 !important;background-color:#2196f3 !important;margin:0px 0px 0px 0px !important;padding:10px 30px 10px 30px;border-width:1px !important;border-style:outset !important;border-radius:40px !important;}.advgbbtn-8056e1ef-85c6-4ac5-9a8e-57b6a0892592:hover{color:#f99420 !important;box-shadow:1px 1px 12px 0px #1f214d;opacity:1;transition:all 0.2s ease;}.advgbbtn-8056e1ef-85c6-4ac5-9a8e-57b6a0892592 > i {display: none !important;}<\/style>","protected":false},"excerpt":{"rendered":"<p>A Alexandra \u00e9 a respons\u00e1vel criativa da Revista Digital. Tudo o que est\u00e1 relacionado com Comunica\u00e7\u00e3o, Rela\u00e7\u00f5es P\u00fablicas e Imprensa da Juvigo Portugal \u00e9 da sua inteira responsabilidade. Com uma paix\u00e3o por estas \u00e1reas mas sem muita experi\u00eancia embarcou neste desafio e j\u00e1 aprendeu muito com ele. Quando era mais nova participou em v\u00e1rios campos [&hellip;]<\/p>\n","protected":false},"author":18,"featured_media":0,"parent":0,"menu_order":0,"comment_status":"closed","ping_status":"closed","template":"","meta":{"advgb_blocks_editor_width":"","advgb_blocks_columns_visual_guide":"","footnotes":"","_links_to":"","_links_to_target":""},"categories":[],"tags":[],"class_list":["post-8218","page","type-page","status-publish","hentry"],"yoast_head":"<!-- This site is optimized with the Yoast SEO plugin v24.8.1 - https:\/\/yoast.com\/wordpress\/plugins\/seo\/ -->\n<title>Contacto de Imprensa - Juvigo Revista<\/title>\n<meta name=\"description\" content=\"Encontre informa\u00e7\u00f5es \u00fateis sobre o nosso contacto de imprensa que estar\u00e1 dispon\u00edvel para responder \u00e0s suas perguntas.\" \/>\n<meta name=\"robots\" content=\"index, follow, max-snippet:-1, max-image-preview:large, max-video-preview:-1\" \/>\n<link rel=\"canonical\" href=\"https:\/\/juvigo.pt\/revista\/contacto-de-imprensa\/\" \/>\n<meta property=\"og:locale\" content=\"pt_PT\" \/>\n<meta property=\"og:type\" content=\"article\" \/>\n<meta property=\"og:title\" content=\"Contacto de Imprensa - Juvigo Revista\" \/>\n<meta property=\"og:description\" content=\"Encontre informa\u00e7\u00f5es \u00fateis sobre o nosso contacto de imprensa que estar\u00e1 dispon\u00edvel para responder \u00e0s suas perguntas.\" \/>\n<meta property=\"og:url\" content=\"https:\/\/juvigo.pt\/revista\/contacto-de-imprensa\/\" \/>\n<meta property=\"og:site_name\" content=\"Juvigo Revista\" \/>\n<meta property=\"article:publisher\" content=\"https:\/\/de-de.facebook.com\/meinjuvigo\" \/>\n<meta property=\"article:modified_time\" content=\"2023-07-24T12:09:09+00:00\" \/>\n<meta property=\"og:image\" content=\"https:\/\/juvigo.pt\/revista\/wp-content\/uploads\/2023\/07\/Alexandra-1.jpeg\" \/>\n<meta name=\"twitter:card\" content=\"summary_large_image\" \/>\n<meta name=\"twitter:site\" content=\"@meinjuvigo\" \/>\n<meta name=\"twitter:label1\" content=\"Tempo estimado de leitura\" \/>\n\t<meta name=\"twitter:data1\" content=\"2 minutos\" \/>\n<script type=\"application\/ld+json\" class=\"yoast-schema-graph\">{\"@context\":\"https:\/\/schema.org\",\"@graph\":[{\"@type\":\"WebPage\",\"@id\":\"https:\/\/juvigo.pt\/revista\/contacto-de-imprensa\/\",\"url\":\"https:\/\/juvigo.pt\/revista\/contacto-de-imprensa\/\",\"name\":\"Contacto de Imprensa - Juvigo Revista\",\"isPartOf\":{\"@id\":\"https:\/\/juvigo.pt\/revista\/#website\"},\"primaryImageOfPage\":{\"@id\":\"https:\/\/juvigo.pt\/revista\/contacto-de-imprensa\/#primaryimage\"},\"image\":{\"@id\":\"https:\/\/juvigo.pt\/revista\/contacto-de-imprensa\/#primaryimage\"},\"thumbnailUrl\":\"https:\/\/juvigo.pt\/revista\/wp-content\/uploads\/2023\/07\/Alexandra-1.jpeg\",\"datePublished\":\"2022-08-26T12:47:55+00:00\",\"dateModified\":\"2023-07-24T12:09:09+00:00\",\"description\":\"Encontre informa\u00e7\u00f5es \u00fateis sobre o nosso contacto de imprensa que estar\u00e1 dispon\u00edvel para responder \u00e0s suas perguntas.\",\"breadcrumb\":{\"@id\":\"https:\/\/juvigo.pt\/revista\/contacto-de-imprensa\/#breadcrumb\"},\"inLanguage\":\"pt\",\"potentialAction\":[{\"@type\":\"ReadAction\",\"target\":[\"https:\/\/juvigo.pt\/revista\/contacto-de-imprensa\/\"]}]},{\"@type\":\"ImageObject\",\"inLanguage\":\"pt\",\"@id\":\"https:\/\/juvigo.pt\/revista\/contacto-de-imprensa\/#primaryimage\",\"url\":\"https:\/\/juvigo.pt\/revista\/wp-content\/uploads\/2023\/07\/Alexandra-1.jpeg\",\"contentUrl\":\"https:\/\/juvigo.pt\/revista\/wp-content\/uploads\/2023\/07\/Alexandra-1.jpeg\",\"width\":1122,\"height\":1020},{\"@type\":\"BreadcrumbList\",\"@id\":\"https:\/\/juvigo.pt\/revista\/contacto-de-imprensa\/#breadcrumb\",\"itemListElement\":[{\"@type\":\"ListItem\",\"position\":1,\"name\":\"Juvigo Revista\",\"item\":\"https:\/\/juvigo.pt\/revista\/\"},{\"@type\":\"ListItem\",\"position\":2,\"name\":\"Contacto de Imprensa\"}]},{\"@type\":\"WebSite\",\"@id\":\"https:\/\/juvigo.pt\/revista\/#website\",\"url\":\"https:\/\/juvigo.pt\/revista\/\",\"name\":\"Juvigo Revista\",\"description\":\"A revista Juvigo de Campos de f\u00e9rias, Col\u00f3nias de f\u00e9rias e Cursos de L\u00ednguas\",\"publisher\":{\"@id\":\"https:\/\/juvigo.pt\/revista\/#organization\"},\"potentialAction\":[{\"@type\":\"SearchAction\",\"target\":{\"@type\":\"EntryPoint\",\"urlTemplate\":\"https:\/\/juvigo.pt\/revista\/?s={search_term_string}\"},\"query-input\":{\"@type\":\"PropertyValueSpecification\",\"valueRequired\":true,\"valueName\":\"search_term_string\"}}],\"inLanguage\":\"pt\"},{\"@type\":\"Organization\",\"@id\":\"https:\/\/juvigo.pt\/revista\/#organization\",\"name\":\"Juvigo GmbH\",\"url\":\"https:\/\/juvigo.pt\/revista\/\",\"logo\":{\"@type\":\"ImageObject\",\"inLanguage\":\"pt\",\"@id\":\"https:\/\/juvigo.pt\/revista\/#\/schema\/logo\/image\/\",\"url\":\"https:\/\/juvigo.es\/revista\/wp-content\/uploads\/2022\/02\/magazine_logo_scaled.png\",\"contentUrl\":\"https:\/\/juvigo.es\/revista\/wp-content\/uploads\/2022\/02\/magazine_logo_scaled.png\",\"width\":240,\"height\":100,\"caption\":\"Juvigo GmbH\"},\"image\":{\"@id\":\"https:\/\/juvigo.pt\/revista\/#\/schema\/logo\/image\/\"},\"sameAs\":[\"https:\/\/de-de.facebook.com\/meinjuvigo\",\"https:\/\/x.com\/meinjuvigo\",\"http:\/\/instagram.com\/juvigo_de\/\"]}]}<\/script>\n<!-- \/ Yoast SEO plugin. -->","yoast_head_json":{"title":"Contacto de Imprensa - Juvigo Revista","description":"Encontre informa\u00e7\u00f5es \u00fateis sobre o nosso contacto de imprensa que estar\u00e1 dispon\u00edvel para responder \u00e0s suas perguntas.","robots":{"index":"index","follow":"follow","max-snippet":"max-snippet:-1","max-image-preview":"max-image-preview:large","max-video-preview":"max-video-preview:-1"},"canonical":"https:\/\/juvigo.pt\/revista\/contacto-de-imprensa\/","og_locale":"pt_PT","og_type":"article","og_title":"Contacto de Imprensa - Juvigo Revista","og_description":"Encontre informa\u00e7\u00f5es \u00fateis sobre o nosso contacto de imprensa que estar\u00e1 dispon\u00edvel para responder \u00e0s suas perguntas.","og_url":"https:\/\/juvigo.pt\/revista\/contacto-de-imprensa\/","og_site_name":"Juvigo Revista","article_publisher":"https:\/\/de-de.facebook.com\/meinjuvigo","article_modified_time":"2023-07-24T12:09:09+00:00","og_image":[{"url":"https:\/\/juvigo.pt\/revista\/wp-content\/uploads\/2023\/07\/Alexandra-1.jpeg","type":"","width":"","height":""}],"twitter_card":"summary_large_image","twitter_site":"@meinjuvigo","twitter_misc":{"Tempo estimado de leitura":"2 minutos"},"schema":{"@context":"https:\/\/schema.org","@graph":[{"@type":"WebPage","@id":"https:\/\/juvigo.pt\/revista\/contacto-de-imprensa\/","url":"https:\/\/juvigo.pt\/revista\/contacto-de-imprensa\/","name":"Contacto de Imprensa - Juvigo Revista","isPartOf":{"@id":"https:\/\/juvigo.pt\/revista\/#website"},"primaryImageOfPage":{"@id":"https:\/\/juvigo.pt\/revista\/contacto-de-imprensa\/#primaryimage"},"image":{"@id":"https:\/\/juvigo.pt\/revista\/contacto-de-imprensa\/#primaryimage"},"thumbnailUrl":"https:\/\/juvigo.pt\/revista\/wp-content\/uploads\/2023\/07\/Alexandra-1.jpeg","datePublished":"2022-08-26T12:47:55+00:00","dateModified":"2023-07-24T12:09:09+00:00","description":"Encontre informa\u00e7\u00f5es \u00fateis sobre o nosso contacto de imprensa que estar\u00e1 dispon\u00edvel para responder \u00e0s suas perguntas.","breadcrumb":{"@id":"https:\/\/juvigo.pt\/revista\/contacto-de-imprensa\/#breadcrumb"},"inLanguage":"pt","potentialAction":[{"@type":"ReadAction","target":["https:\/\/juvigo.pt\/revista\/contacto-de-imprensa\/"]}]},{"@type":"ImageObject","inLanguage":"pt","@id":"https:\/\/juvigo.pt\/revista\/contacto-de-imprensa\/#primaryimage","url":"https:\/\/juvigo.pt\/revista\/wp-content\/uploads\/2023\/07\/Alexandra-1.jpeg","contentUrl":"https:\/\/juvigo.pt\/revista\/wp-content\/uploads\/2023\/07\/Alexandra-1.jpeg","width":1122,"height":1020},{"@type":"BreadcrumbList","@id":"https:\/\/juvigo.pt\/revista\/contacto-de-imprensa\/#breadcrumb","itemListElement":[{"@type":"ListItem","position":1,"name":"Juvigo Revista","item":"https:\/\/juvigo.pt\/revista\/"},{"@type":"ListItem","position":2,"name":"Contacto de Imprensa"}]},{"@type":"WebSite","@id":"https:\/\/juvigo.pt\/revista\/#website","url":"https:\/\/juvigo.pt\/revista\/","name":"Juvigo Revista","description":"A revista Juvigo de Campos de f\u00e9rias, Col\u00f3nias de f\u00e9rias e Cursos de L\u00ednguas","publisher":{"@id":"https:\/\/juvigo.pt\/revista\/#organization"},"potentialAction":[{"@type":"SearchAction","target":{"@type":"EntryPoint","urlTemplate":"https:\/\/juvigo.pt\/revista\/?s={search_term_string}"},"query-input":{"@type":"PropertyValueSpecification","valueRequired":true,"valueName":"search_term_string"}}],"inLanguage":"pt"},{"@type":"Organization","@id":"https:\/\/juvigo.pt\/revista\/#organization","name":"Juvigo GmbH","url":"https:\/\/juvigo.pt\/revista\/","logo":{"@type":"ImageObject","inLanguage":"pt","@id":"https:\/\/juvigo.pt\/revista\/#\/schema\/logo\/image\/","url":"https:\/\/juvigo.es\/revista\/wp-content\/uploads\/2022\/02\/magazine_logo_scaled.png","contentUrl":"https:\/\/juvigo.es\/revista\/wp-content\/uploads\/2022\/02\/magazine_logo_scaled.png","width":240,"height":100,"caption":"Juvigo GmbH"},"image":{"@id":"https:\/\/juvigo.pt\/revista\/#\/schema\/logo\/image\/"},"sameAs":["https:\/\/de-de.facebook.com\/meinjuvigo","https:\/\/x.com\/meinjuvigo","http:\/\/instagram.com\/juvigo_de\/"]}]}},"wps_subtitle":"","coauthors":[],"author_meta":{"author_link":"https:\/\/juvigo.pt\/revista\/author\/miguel-2\/","display_name":"Miguel Matos"},"relative_dates":{"created":"Posted 4 anos ago","modified":"Updated 3 anos ago"},"absolute_dates":{"created":"Posted on 26.08.2022","modified":"Updated on 24.07.2023"},"absolute_dates_time":{"created":"Posted on 26.08.2022 13:47","modified":"Updated on 24.07.2023 13:09"},"featured_img_caption":"","featured_img":false,"series_order":"","_links":{"self":[{"href":"https:\/\/juvigo.pt\/revista\/wp-json\/wp\/v2\/pages\/8218","targetHints":{"allow":["GET"]}}],"collection":[{"href":"https:\/\/juvigo.pt\/revista\/wp-json\/wp\/v2\/pages"}],"about":[{"href":"https:\/\/juvigo.pt\/revista\/wp-json\/wp\/v2\/types\/page"}],"author":[{"embeddable":true,"href":"https:\/\/juvigo.pt\/revista\/wp-json\/wp\/v2\/users\/18"}],"replies":[{"embeddable":true,"href":"https:\/\/juvigo.pt\/revista\/wp-json\/wp\/v2\/comments?post=8218"}],"version-history":[{"count":17,"href":"https:\/\/juvigo.pt\/revista\/wp-json\/wp\/v2\/pages\/8218\/revisions"}],"predecessor-version":[{"id":8656,"href":"https:\/\/juvigo.pt\/revista\/wp-json\/wp\/v2\/pages\/8218\/revisions\/8656"}],"wp:attachment":[{"href":"https:\/\/juvigo.pt\/revista\/wp-json\/wp\/v2\/media?parent=8218"}],"wp:term":[{"taxonomy":"category","embeddable":true,"href":"https:\/\/juvigo.pt\/revista\/wp-json\/wp\/v2\/categories?post=8218"},{"taxonomy":"post_tag","embeddable":true,"href":"https:\/\/juvigo.pt\/revista\/wp-json\/wp\/v2\/tags?post=8218"}],"curies":[{"name":"wp","href":"https:\/\/api.w.org\/{rel}","templated":true}]}}